{"id":16761,"date":"2025-06-16T15:48:10","date_gmt":"2025-06-16T13:48:10","guid":{"rendered":"https:\/\/www.audace44.fr\/commande\/?post_type=product&#038;p=16761"},"modified":"2025-06-17T09:42:38","modified_gmt":"2025-06-17T07:42:38","slug":"efteling-parc","status":"publish","type":"product","link":"https:\/\/www.audace44.fr\/commande\/produit\/efteling-parc\/","title":{"rendered":"Efteling parc"},"content":{"rendered":"<p>Il existe un monde o\u00f9 les merveilles prennent vie.<\/p>\n<p>Volez, tombez et planez dans les attractions les plus palpitantes.<\/p>\n<p>Vivez les attractions les plus f\u00e9eriques et laissez-vous \u00e9merveiller par les contes de f\u00e9es et les histoires.<\/p>\n<p>Partez ensemble \u00e0 la d\u00e9couverte et cr\u00e9ez vos plus beaux souvenirs \u00e0 Efteling, au c\u0153ur d\u2019une nature enchanteresse.<\/p>\n<p>A seulement 1h30 de Bruxelles.<\/p>\n<p>gratuit pour les - 4 ans.<\/p>\n<p>3 types de saison, v\u00e9rifier votre saison<a href=\"https:\/\/www.efteling.com\/fr\/parc\/heures-ouverture\" target=\"_blank\" rel=\"noopener\"> Ici<\/a><\/p>\n<p>Nous vous vendons une place provisoire \u00e0 enregistrer ensuite sur: \u00a0<a href=\"https:\/\/www.efteling.com\/fr\/tickets\/code-de-voucher -\" target=\"_blank\" rel=\"noopener\">site de r\u00e9servation<\/a><\/p>\n","protected":false},"excerpt":{"rendered":"<p>Parc d&#8217;attraction aux Pays-Bas<\/p>\n","protected":false},"featured_media":16766,"template":"","meta":[],"product_cat":[82,68],"product_tag":[],"_links":{"self":[{"href":"https:\/\/www.audace44.fr\/commande\/wp-json\/wp\/v2\/product\/16761"}],"collection":[{"href":"https:\/\/www.audace44.fr\/commande\/wp-json\/wp\/v2\/product"}],"about":[{"href":"https:\/\/www.audace44.fr\/commande\/wp-json\/wp\/v2\/types\/product"}],"wp:featuredmedia":[{"embeddable":true,"href":"https:\/\/www.audace44.fr\/commande\/wp-json\/wp\/v2\/media\/16766"}],"wp:attachment":[{"href":"https:\/\/www.audace44.fr\/commande\/wp-json\/wp\/v2\/media?parent=16761"}],"wp:term":[{"taxonomy":"product_cat","embeddable":true,"href":"https:\/\/www.audace44.fr\/commande\/wp-json\/wp\/v2\/product_cat?post=16761"},{"taxonomy":"product_tag","embeddable":true,"href":"https:\/\/www.audace44.fr\/commande\/wp-json\/wp\/v2\/product_tag?post=16761"}],"curies":[{"name":"wp","href":"https:\/\/api.w.org\/{rel}","templated":true}]}}