{"id":16787,"date":"2025-06-20T08:57:41","date_gmt":"2025-06-20T06:57:41","guid":{"rendered":"https:\/\/www.audace44.fr\/commande\/?post_type=product&#038;p=16787"},"modified":"2026-03-30T15:39:10","modified_gmt":"2026-03-30T13:39:10","slug":"vanessa-paradis-2026","status":"publish","type":"product","link":"https:\/\/www.audace44.fr\/commande\/produit\/vanessa-paradis-2026\/","title":{"rendered":"Vanessa Paradis 2026"},"content":{"rendered":"<p>Retrouvez\u00a0<strong>Vanessa Paradis en concert dans l\u2019Ouest en 2026 !<\/strong><\/p>\n<p><strong>\u00a0<\/strong>La chanteuse sera de retour sur sc\u00e8ne et s\u2019arr\u00eatera \u00e0 Angers le 10 avril, \u00e0 Brest le 11 avril puis \u00e0 Nantes le 7 mai 2026.<\/p>\n<p>debout fosse 30 \u20ac<\/p>\n<p>Cat\u00e9gorie 1 84 \u20ac<\/p>\n<p>Nous pr\u00e9ciser au moment de l'achat le lieux du concert.<\/p>\n<p>Sous r\u00e9serve de disponibilit\u00e9<\/p>\n","protected":false},"excerpt":{"rendered":"<p>Nantes, Angers et Brest<\/p>\n<p>2026<\/p>\n","protected":false},"featured_media":16788,"template":"","meta":[],"product_cat":[119,84],"product_tag":[],"_links":{"self":[{"href":"https:\/\/www.audace44.fr\/commande\/wp-json\/wp\/v2\/product\/16787"}],"collection":[{"href":"https:\/\/www.audace44.fr\/commande\/wp-json\/wp\/v2\/product"}],"about":[{"href":"https:\/\/www.audace44.fr\/commande\/wp-json\/wp\/v2\/types\/product"}],"wp:featuredmedia":[{"embeddable":true,"href":"https:\/\/www.audace44.fr\/commande\/wp-json\/wp\/v2\/media\/16788"}],"wp:attachment":[{"href":"https:\/\/www.audace44.fr\/commande\/wp-json\/wp\/v2\/media?parent=16787"}],"wp:term":[{"taxonomy":"product_cat","embeddable":true,"href":"https:\/\/www.audace44.fr\/commande\/wp-json\/wp\/v2\/product_cat?post=16787"},{"taxonomy":"product_tag","embeddable":true,"href":"https:\/\/www.audace44.fr\/commande\/wp-json\/wp\/v2\/product_tag?post=16787"}],"curies":[{"name":"wp","href":"https:\/\/api.w.org\/{rel}","templated":true}]}}