{"id":16879,"date":"2025-07-03T15:30:20","date_gmt":"2025-07-03T13:30:20","guid":{"rendered":"https:\/\/www.audace44.fr\/commande\/?post_type=product&#038;p=16879"},"modified":"2025-07-03T15:30:20","modified_gmt":"2025-07-03T13:30:20","slug":"la-recre-des-3-cures","status":"publish","type":"product","link":"https:\/\/www.audace44.fr\/commande\/produit\/la-recre-des-3-cures\/","title":{"rendered":"La r\u00e9cr\u00e9 des 3 cur\u00e9s"},"content":{"rendered":"<h3>Le plus grand parc d\u2019attractions de Bretagne<\/h3>\n<p>Offrez-vous\u00a0<strong>une sortie en famille<\/strong>\u00a0ou\u00a0<strong>entre amis<\/strong>\u00a0dans le plus\u00a0<strong>grand parc d\u2019attractions et de loisirs de Bretagne dans le Finist\u00e8re<\/strong>\u00a0\u00e0 seulement 10 minutes de\u00a0<strong>Brest<\/strong>.<\/p>\n<p><strong>Les petits et les grands<\/strong>\u00a0se retrouvent au\u00a0<strong>parc d\u2019attractions La R\u00e9cr\u00e9 des 3 Cur\u00e9s\u00a0<\/strong>o\u00f9 tout est pens\u00e9 pour\u00a0<strong>s\u2019amuser<\/strong>\u00a0: de\u00a0<strong>nombreux man\u00e8ges<\/strong>,\u00a0<strong>aires de jeux en plein-air<\/strong>,\u00a0<strong>aires de jeux couvertes<\/strong>,\u00a0<strong>attractions \u00e0 sensations<\/strong>,\u00a0<strong>balades sur le lac en p\u00e9dalo<\/strong>\u2026 Sans oublier\u00a0<strong>Le Vertika<\/strong>\u00a0! Un\u00a0<strong>roller coaster\u00a0<\/strong><strong>unique en France\u00a0<\/strong>digne des plus\u00a0<strong>grands parcs d\u2019attractions\u00a0<\/strong>!<\/p>\n<p><strong>Sensations fortes garanties<\/strong>\u00a0!<\/p>\n<p>tarif unique adulte\/enfant\u00a0 -\u00a0 \u00a0validit\u00e9 23\/06\/2030<\/p>\n<p>gratuit pour les - 1m (avec chaussures)<\/p>\n","protected":false},"excerpt":{"rendered":"<h3>Le plus grand parc d\u2019attractions de Bretagne<\/h3>\n","protected":false},"featured_media":16880,"template":"","meta":[],"product_cat":[82,68,88],"product_tag":[],"_links":{"self":[{"href":"https:\/\/www.audace44.fr\/commande\/wp-json\/wp\/v2\/product\/16879"}],"collection":[{"href":"https:\/\/www.audace44.fr\/commande\/wp-json\/wp\/v2\/product"}],"about":[{"href":"https:\/\/www.audace44.fr\/commande\/wp-json\/wp\/v2\/types\/product"}],"wp:featuredmedia":[{"embeddable":true,"href":"https:\/\/www.audace44.fr\/commande\/wp-json\/wp\/v2\/media\/16880"}],"wp:attachment":[{"href":"https:\/\/www.audace44.fr\/commande\/wp-json\/wp\/v2\/media?parent=16879"}],"wp:term":[{"taxonomy":"product_cat","embeddable":true,"href":"https:\/\/www.audace44.fr\/commande\/wp-json\/wp\/v2\/product_cat?post=16879"},{"taxonomy":"product_tag","embeddable":true,"href":"https:\/\/www.audace44.fr\/commande\/wp-json\/wp\/v2\/product_tag?post=16879"}],"curies":[{"name":"wp","href":"https:\/\/api.w.org\/{rel}","templated":true}]}}