{"id":16992,"date":"2025-07-15T15:47:06","date_gmt":"2025-07-15T13:47:06","guid":{"rendered":"https:\/\/www.audace44.fr\/commande\/?post_type=product&#038;p=16992"},"modified":"2025-11-28T14:12:18","modified_gmt":"2025-11-28T13:12:18","slug":"kombo","status":"publish","type":"product","link":"https:\/\/www.audace44.fr\/commande\/produit\/kombo\/","title":{"rendered":"Kombo"},"content":{"rendered":"<p><strong><u>1\/ Vente Flash TGV INOUI qui aura lieu du 02 au 04 d\u00e9cembre 2025\u00a0<\/u><\/strong><\/p>\n<p>- Conditions : 100 000 billets disponibles d\u00e8s 19\u20ac*<\/p>\n<p>- Date de la promotion : du 2 au 4 d\u00e9cembre 2025<\/p>\n<p>- Date de circulations : du 6 janvier au 5 f\u00e9vrier 2026<\/p>\n<p>- Disponible sur\u00a0<a href=\"http:\/\/kombo.co\/\">Kombo.co<\/a>\u00a0et application mobile Kombo<\/p>\n<p><em>* Prix par voyageur, certains jours et dans certains trains, sur une s\u00e9lection de destinations en France.<\/em><\/p>\n<p><strong><u>2\/ Promotion TGV INOUI Paris-Barcelone\u00a0<\/u><\/strong><\/p>\n<p>- Conditions : 13000 billets b\u00e9n\u00e9ficiant d\u2019une r\u00e9duction de 50% sur le trajet entre Paris et Barcelone<br \/>\n- Date de promo : du 8 au 10 d\u00e9cembre 2025<br \/>\n- Date de circulations : du 5 Janvier au 31 Mars 2026<\/p>\n<p>- Disponible sur\u00a0<a href=\"http:\/\/kombo.co\/\">Kombo.co<\/a>\u00a0et application mobile Kombo<\/p>\n<p>Le code promotionnel dont b\u00e9n\u00e9ficient vos salari\u00e9s\u00a0<strong><u>est cumulable avec ces promotions<\/u><\/strong>.<\/p>\n<p>***********************************************<\/p>\n<p>Avec Kombo, <strong>Comparez \u2013 Combinez \u2013 R\u00e9servez<\/strong> vos billets de bus, train et avion !<\/p>\n<p>Kombo, est un site fran\u00e7ais, qui vous simplifie vos voyages avec un maximum de style.<br \/>\nUn Paris chic, un Berlin unique, ou Bali mythique ? Faites vos valises, on s\u2019occupe des billets.<br \/>\nSur Kombo, on fait les choses bien :<\/p>\n<p>\ud83d\ude84 \ud83d\ude8c \u2708\ufe0f +400 compagnies, de Chamonix \u00e0 la Californie.<\/p>\n<p>\ud83d\ude84 Vos billets SNCF (avec carte de r\u00e9duction, \u00e9videmment).<\/p>\n<p>\ud83d\ude80\ufe0f Les derni\u00e8res compagnies tendance comme Trenitalia ou Renfe.<\/p>\n<p>\ud83c\udf0d Des trajets en France et \u00e0 l\u2019autre bout du monde.<\/p>\n<p>\ud83d\udcbc Du choix dans les options (1\u00e8re classe, bagages XXL\u2026).<\/p>\n<p>Gr\u00e2ce \u00e0 votre CSE b\u00e9n\u00e9ficiez de <strong>5% de remise<\/strong> nous demander le code : <b><i>contact@audace44.fr<\/i><\/b><\/p>\n<p>Remise valable sur toutes vos r\u00e9servations, toute l\u2019ann\u00e9e et cumulable avec vos abonnements et cartes avantages.<\/p>\n<p><em>Paiement s\u00e9curis\u00e9, 3 fois sans frais, Paypal, Ch\u00e8ques-vacances Connect ANCV, Illicado<\/em><\/p>\n<p><em>Frais de gestion offerts sur les billets de trains si l\u2019un des voyageurs \u00e0 une carte avantage (ex\u00a0: cartes avantages Jeune, Senior, Adulte, Libert\u00e9, Max, etc). <\/em><\/p>\n<p>Rendez-vous sur <a href=\"http:\/\/www.kombo.co\" target=\"_blank\" rel=\"noopener\">www.kombo.co<\/a><\/p>\n<p><strong><u>Comment b\u00e9n\u00e9ficier de votre remise\u00a0:<\/u><\/strong><\/p>\n<p>1 \u2013 T\u00e9l\u00e9charger l\u2019application Kombo.co ou aller sur le site internet <a href=\"http:\/\/www.kombo.co\" target=\"_blank\" rel=\"noopener\">www.kombo.co<\/a>,<\/p>\n<p>2 \u2013 Cr\u00e9er votre compte client Kombo,<\/p>\n<p>3 \u2013 Ajouter vos cartes avantages si vous en poss\u00e9dez une (exemple\u00a0: SNCF carte jeune, adulte, s\u00e9nior, max\u2026),<\/p>\n<p>4 \u2013 Ajouter votre code promo <strong><em>\u00a0<\/em><\/strong>dans votre \u00ab\u00a0Kombo Cash\u00a0\u00bb ainsi le code sera enregistr\u00e9 pour vos prochaines r\u00e9servation,<\/p>\n<p>5 \u2013 Il ne vous reste plus qu\u2019\u00e0 Comparer, Combiner et r\u00e9server votre prochain trajet\u00a0!<\/p>\n","protected":false},"excerpt":{"rendered":"<p>Kombo, <strong>Comparez \u2013 Combinez \u2013 R\u00e9servez<\/strong><\/p>\n<p>vos billets de bus, train et avion !<\/p>\n","protected":false},"featured_media":16993,"template":"","meta":[],"product_cat":[121,83,86,79],"product_tag":[],"_links":{"self":[{"href":"https:\/\/www.audace44.fr\/commande\/wp-json\/wp\/v2\/product\/16992"}],"collection":[{"href":"https:\/\/www.audace44.fr\/commande\/wp-json\/wp\/v2\/product"}],"about":[{"href":"https:\/\/www.audace44.fr\/commande\/wp-json\/wp\/v2\/types\/product"}],"wp:featuredmedia":[{"embeddable":true,"href":"https:\/\/www.audace44.fr\/commande\/wp-json\/wp\/v2\/media\/16993"}],"wp:attachment":[{"href":"https:\/\/www.audace44.fr\/commande\/wp-json\/wp\/v2\/media?parent=16992"}],"wp:term":[{"taxonomy":"product_cat","embeddable":true,"href":"https:\/\/www.audace44.fr\/commande\/wp-json\/wp\/v2\/product_cat?post=16992"},{"taxonomy":"product_tag","embeddable":true,"href":"https:\/\/www.audace44.fr\/commande\/wp-json\/wp\/v2\/product_tag?post=16992"}],"curies":[{"name":"wp","href":"https:\/\/api.w.org\/{rel}","templated":true}]}}