{"id":17335,"date":"2025-09-15T13:46:26","date_gmt":"2025-09-15T11:46:26","guid":{"rendered":"https:\/\/www.audace44.fr\/commande\/?post_type=product&#038;p=17335"},"modified":"2025-09-15T15:18:03","modified_gmt":"2025-09-15T13:18:03","slug":"cap-adrenaline","status":"publish","type":"product","link":"https:\/\/www.audace44.fr\/commande\/produit\/cap-adrenaline\/","title":{"rendered":"Cap Adr\u00e9naline"},"content":{"rendered":"<p>Pour votre papa, votre maman, le petit neveu, la mamie intr\u00e9pide ou votre \u00e2me s\u0153ur, Cap Adr\u00e9naline a forc\u00e9ment le cadeau qu'il vous faut ! Trouvez l'activit\u00e9 id\u00e9ale \u00e0 offrir en quelques clics.<\/p>\n<p>Coffrets cadeaux pour tous ! - 10%<\/p>\n<h3 class=\"description\"><strong>Trouvez votre activit\u00e9 parmi nos 15\u00a0000 formules partout en France<\/strong><\/h3>\n<p>Cap Adr\u00e9naline propose plus de 500\u00a0<strong>loisirs<\/strong>\u00a0ou\u00a0<strong>sports a\u00e9riens<\/strong>\u00a0dans toute la France \u00e0 r\u00e9server ou \u00e0 offrir sous forme de bon cadeau. Ces\u00a0<strong>loisirs<\/strong>\u00a0et\u00a0<strong>sports a\u00e9riens<\/strong>\u00a0se d\u00e9clinent en plusieurs cat\u00e9gories suivant les go\u00fbts de chacun.<br \/>\nIl y a deux typologies de\u00a0<strong>loisirs a\u00e9riens<\/strong>\u00a0sur Cap Adr\u00e9naline : les bapt\u00eames de l\u2019air et les sauts. Les bapt\u00eames de l\u2019air qui se d\u00e9roulent \u00e0 bord d\u2019engins volants motoris\u00e9s (h\u00e9licopt\u00e8re, ULM, avion) ou non motoris\u00e9s (planeur, parapente, deltaplane) et pilot\u00e9s par des experts et passionn\u00e9s, vous permettront de vous balader et d\u2019observer les plus belles merveilles de notre patrimoine. Il est \u00e9galement possible de s\u2019initier au pilotage de la plupart de ces v\u00e9hicules a\u00e9riens lors de stages encadr\u00e9s par des professionnels.<br \/>\nSi vous \u00eates en recherche de\u00a0<strong>sensations extr\u00eames<\/strong>, la deuxi\u00e8me typologie de\u00a0<strong>sports a\u00e9riens<\/strong>\u00a0est faite pour vous. Les sauts, qu\u2019il s\u2019agisse d\u2019un saut en parachute ou d\u2019un saut \u00e0 l\u2019\u00e9lastique, vous procureront des\u00a0<strong>sensations<\/strong>\u00a0inoubliables et une belle d\u00e9charge d\u2019adr\u00e9naline. Vous trouverez sur Cap Adr\u00e9naline plus de 180\u00a0<strong>loisirs a\u00e9riens extr\u00eames<\/strong>\u00a0sur toute la France.<br \/>\nAlors n'attendez plus et r\u00e9servez ou offrez un\u00a0<strong>loisir<\/strong>\u00a0ou\u00a0<strong>sport a\u00e9rien<\/strong>, il sera tout simplement inoubliable!<\/p>\n<p>Mais aussi du pilotage, des sports et exp\u00e9riences aquatiques, des cours et ateliers, de la d\u00e9tente, des s\u00e9jours exceptionnels....<\/p>\n<p>D\u00e9couvrez tous les loisirs et exp\u00e9riences propos\u00e9s <a href=\"https:\/\/www.cap-adrenaline.com\/\" target=\"_blank\" rel=\"noopener\">ICI<\/a><\/p>\n<p>Code AUDACE44<\/p>\n","protected":false},"excerpt":{"rendered":"<p>Trouvez l&#8217;activit\u00e9 id\u00e9ale \u00e0 offrir en quelques clics.<\/p>\n<p>Coffrets cadeaux pour tous !<\/p>\n<p>-10 %<\/p>\n","protected":false},"featured_media":17337,"template":"","meta":[],"product_cat":[97,121,83,81,82,68,88,86],"product_tag":[],"_links":{"self":[{"href":"https:\/\/www.audace44.fr\/commande\/wp-json\/wp\/v2\/product\/17335"}],"collection":[{"href":"https:\/\/www.audace44.fr\/commande\/wp-json\/wp\/v2\/product"}],"about":[{"href":"https:\/\/www.audace44.fr\/commande\/wp-json\/wp\/v2\/types\/product"}],"wp:featuredmedia":[{"embeddable":true,"href":"https:\/\/www.audace44.fr\/commande\/wp-json\/wp\/v2\/media\/17337"}],"wp:attachment":[{"href":"https:\/\/www.audace44.fr\/commande\/wp-json\/wp\/v2\/media?parent=17335"}],"wp:term":[{"taxonomy":"product_cat","embeddable":true,"href":"https:\/\/www.audace44.fr\/commande\/wp-json\/wp\/v2\/product_cat?post=17335"},{"taxonomy":"product_tag","embeddable":true,"href":"https:\/\/www.audace44.fr\/commande\/wp-json\/wp\/v2\/product_tag?post=17335"}],"curies":[{"name":"wp","href":"https:\/\/api.w.org\/{rel}","templated":true}]}}