{"id":17356,"date":"2026-02-19T11:55:48","date_gmt":"2026-02-19T10:55:48","guid":{"rendered":"https:\/\/www.audace44.fr\/commande\/?post_type=product&#038;p=17356"},"modified":"2026-03-20T16:27:43","modified_gmt":"2026-03-20T15:27:43","slug":"holiday-on-ice","status":"publish","type":"product","link":"https:\/\/www.audace44.fr\/commande\/produit\/holiday-on-ice\/","title":{"rendered":"Holiday On Ice"},"content":{"rendered":"<p>\u2728 <strong>Holiday on Ice \u2013 Cin\u00e9ma Of Dreams du 26 au 28 mars 2027 au Z\u00e9nith de Nantes<\/strong>\u00a0!<\/p>\n<p>Un show spectaculaire sur glace : acrobaties, costumes \u00e9blouissants et chor\u00e9graphies millim\u00e9tr\u00e9es, pour \u00e9merveiller petits et grands \u2744\ufe0f<\/p>\n<p>CAT 1 :<strong> 58,50 \u20ac<\/strong> au lieu de 65 \u20ac<\/p>\n<p>CAT 2 : <strong>44,10 \u20ac<\/strong>\u00a0 au lieu de 49 \u20ac<\/p>\n<p>enfants de -12 ans de 29 \u20ac \u00e0 49 \u20ac, nous contacter<\/p>\n<p>Horaires: 20h00 - 11h00 - 15h00 - 19h00 - 16h00<\/p>\n<p><strong>Nous contacter pour r\u00e9server, en nous pr\u00e9cisant la cat\u00e9gorie, le jour et l'horaire.<\/strong><\/p>\n<p>&nbsp;<\/p>\n","protected":false},"excerpt":{"rendered":"<p>Holiday On Ice 2026 Nantes<\/p>\n","protected":false},"featured_media":18590,"template":"","meta":[],"product_cat":[119,84],"product_tag":[74],"_links":{"self":[{"href":"https:\/\/www.audace44.fr\/commande\/wp-json\/wp\/v2\/product\/17356"}],"collection":[{"href":"https:\/\/www.audace44.fr\/commande\/wp-json\/wp\/v2\/product"}],"about":[{"href":"https:\/\/www.audace44.fr\/commande\/wp-json\/wp\/v2\/types\/product"}],"wp:featuredmedia":[{"embeddable":true,"href":"https:\/\/www.audace44.fr\/commande\/wp-json\/wp\/v2\/media\/18590"}],"wp:attachment":[{"href":"https:\/\/www.audace44.fr\/commande\/wp-json\/wp\/v2\/media?parent=17356"}],"wp:term":[{"taxonomy":"product_cat","embeddable":true,"href":"https:\/\/www.audace44.fr\/commande\/wp-json\/wp\/v2\/product_cat?post=17356"},{"taxonomy":"product_tag","embeddable":true,"href":"https:\/\/www.audace44.fr\/commande\/wp-json\/wp\/v2\/product_tag?post=17356"}],"curies":[{"name":"wp","href":"https:\/\/api.w.org\/{rel}","templated":true}]}}