{"id":17394,"date":"2025-09-10T14:10:19","date_gmt":"2025-09-10T12:10:19","guid":{"rendered":"https:\/\/www.audace44.fr\/commande\/?post_type=product&#038;p=17394"},"modified":"2025-10-30T10:51:54","modified_gmt":"2025-10-30T09:51:54","slug":"monte-cristo-12-12-2026","status":"publish","type":"product","link":"https:\/\/www.audace44.fr\/commande\/produit\/monte-cristo-12-12-2026\/","title":{"rendered":"Monte Cristo 12\/12\/2026"},"content":{"rendered":"<p>Retrouvez le\u00a0<strong>spectacle musical<\/strong>\u00a0<strong>Monte Cristo \u00e0 Nantes<\/strong>\u00a0en 2026 : rendez-vous le\u00a0<strong>samedi 12 d\u00e9cembre 2026 au Z\u00e9nith de Nantes<\/strong>.<\/p>\n<p>Cat Or 85 \u20ac<\/p>\n<p>Cat 1 65 \u20ac<\/p>\n<p>Cat 2 45 \u20ac<\/p>\n<p>Nous contacter pour l'achat en nous pr\u00e9cisant le tarif s\u00e9lectionn\u00e9.<\/p>\n<p>&nbsp;<\/p>\n","protected":false},"excerpt":{"rendered":"<p>Monte Cristo 12\/12\/2026<\/p>\n","protected":false},"featured_media":17395,"template":"","meta":[],"product_cat":[119,84],"product_tag":[74],"_links":{"self":[{"href":"https:\/\/www.audace44.fr\/commande\/wp-json\/wp\/v2\/product\/17394"}],"collection":[{"href":"https:\/\/www.audace44.fr\/commande\/wp-json\/wp\/v2\/product"}],"about":[{"href":"https:\/\/www.audace44.fr\/commande\/wp-json\/wp\/v2\/types\/product"}],"wp:featuredmedia":[{"embeddable":true,"href":"https:\/\/www.audace44.fr\/commande\/wp-json\/wp\/v2\/media\/17395"}],"wp:attachment":[{"href":"https:\/\/www.audace44.fr\/commande\/wp-json\/wp\/v2\/media?parent=17394"}],"wp:term":[{"taxonomy":"product_cat","embeddable":true,"href":"https:\/\/www.audace44.fr\/commande\/wp-json\/wp\/v2\/product_cat?post=17394"},{"taxonomy":"product_tag","embeddable":true,"href":"https:\/\/www.audace44.fr\/commande\/wp-json\/wp\/v2\/product_tag?post=17394"}],"curies":[{"name":"wp","href":"https:\/\/api.w.org\/{rel}","templated":true}]}}