{"id":17398,"date":"2025-09-10T14:59:45","date_gmt":"2025-09-10T12:59:45","guid":{"rendered":"https:\/\/www.audace44.fr\/commande\/?post_type=product&#038;p=17398"},"modified":"2025-12-09T11:55:07","modified_gmt":"2025-12-09T10:55:07","slug":"laurent-voulzy-06-05-26","status":"publish","type":"product","link":"https:\/\/www.audace44.fr\/commande\/produit\/laurent-voulzy-06-05-26\/","title":{"rendered":"Laurent Voulzy 06\/05\/26"},"content":{"rendered":"<p>Vend\u00e9space- Mouilleron-Le-Captif \u00e0 20h30<\/p>\n<p>Laurent Voulzy fait son grand retour sur sc\u00e8ne : une nouvelle tourn\u00e9e d\u00e8s l'\u00e9t\u00e9 2025<\/p>\n<p>Apr\u00e8s un long et tr\u00e8s beau voyage en concerts dans les Cath\u00e9drales et Eglises de France, de Belgique et de Suisse, puis un arr\u00eat de plus d\u2019un an pour \u00e9crire et composer, l\u2019envie m\u2019a pris de retrouver la sc\u00e8ne, d\u00e9couvrir d\u2019autres lieux, jouer, chanter et partager \u00e0 nouveau, mes r\u00eaves acoustiques et mes r\u00eaves \u00e9lectriques.<\/p>\n<p>Kiss and Love, Laurent<\/p>\n<p>Cat Or 60 \u20ac<\/p>\n<p>Cat 1 54 \u20ac<\/p>\n<p>Cat 2 44 \u20ac<\/p>\n<p>Nous contacter pour la r\u00e9servation.<\/p>\n","protected":false},"excerpt":{"rendered":"<p>Laurent Voulzy 06\/05\/26<\/p>\n","protected":false},"featured_media":17399,"template":"","meta":[],"product_cat":[119,84],"product_tag":[],"_links":{"self":[{"href":"https:\/\/www.audace44.fr\/commande\/wp-json\/wp\/v2\/product\/17398"}],"collection":[{"href":"https:\/\/www.audace44.fr\/commande\/wp-json\/wp\/v2\/product"}],"about":[{"href":"https:\/\/www.audace44.fr\/commande\/wp-json\/wp\/v2\/types\/product"}],"wp:featuredmedia":[{"embeddable":true,"href":"https:\/\/www.audace44.fr\/commande\/wp-json\/wp\/v2\/media\/17399"}],"wp:attachment":[{"href":"https:\/\/www.audace44.fr\/commande\/wp-json\/wp\/v2\/media?parent=17398"}],"wp:term":[{"taxonomy":"product_cat","embeddable":true,"href":"https:\/\/www.audace44.fr\/commande\/wp-json\/wp\/v2\/product_cat?post=17398"},{"taxonomy":"product_tag","embeddable":true,"href":"https:\/\/www.audace44.fr\/commande\/wp-json\/wp\/v2\/product_tag?post=17398"}],"curies":[{"name":"wp","href":"https:\/\/api.w.org\/{rel}","templated":true}]}}