{"id":17400,"date":"2025-09-10T15:05:37","date_gmt":"2025-09-10T13:05:37","guid":{"rendered":"https:\/\/www.audace44.fr\/commande\/?post_type=product&#038;p=17400"},"modified":"2025-10-30T10:49:12","modified_gmt":"2025-10-30T09:49:12","slug":"with-u2-day-23-12-26","status":"publish","type":"product","link":"https:\/\/www.audace44.fr\/commande\/produit\/with-u2-day-23-12-26\/","title":{"rendered":"With U2 Day 23\/12\/26"},"content":{"rendered":"<p>Tribute U2<\/p>\n<p>With U2 Day vous fait revivre en concert avec passion le son, l'\u00e9nergie et la flamboyance du groupe de rock mythique U2.<\/p>\n<p>Les quatre membres, amis \u00e0 la ville et complices sur sc\u00e8ne, reprennent les plus grands succ\u00e8s du quatuor irlandais \u00e0 travers une performance sc\u00e9nique qui vous entra\u00eene dans la magie de leur groupe f\u00e9tiche.<\/p>\n<p>Pour c\u00e9l\u00e9brer le 40\u00e8me anniversaire de l'album \"War\" qui a consacr\u00e9 U2 sur la sc\u00e8ne internationale, venez d\u00e9couvrir le nouveau spectacle de With U2 Day qui rend hommage \u00e0 l'ensemble de leur carri\u00e8re.<\/p>\n<p>Vend\u00e9space Mouilleron-Le-Captif<\/p>\n<p>Cat 1 51 \u20ac<\/p>\n<p>Cat 2 41 \u20ac<\/p>\n<p>Nous contacter pour la r\u00e9servation des places<\/p>\n","protected":false},"excerpt":{"rendered":"<p>With U2 Day 23\/12\/26<\/p>\n","protected":false},"featured_media":17401,"template":"","meta":[],"product_cat":[119,84],"product_tag":[],"_links":{"self":[{"href":"https:\/\/www.audace44.fr\/commande\/wp-json\/wp\/v2\/product\/17400"}],"collection":[{"href":"https:\/\/www.audace44.fr\/commande\/wp-json\/wp\/v2\/product"}],"about":[{"href":"https:\/\/www.audace44.fr\/commande\/wp-json\/wp\/v2\/types\/product"}],"wp:featuredmedia":[{"embeddable":true,"href":"https:\/\/www.audace44.fr\/commande\/wp-json\/wp\/v2\/media\/17401"}],"wp:attachment":[{"href":"https:\/\/www.audace44.fr\/commande\/wp-json\/wp\/v2\/media?parent=17400"}],"wp:term":[{"taxonomy":"product_cat","embeddable":true,"href":"https:\/\/www.audace44.fr\/commande\/wp-json\/wp\/v2\/product_cat?post=17400"},{"taxonomy":"product_tag","embeddable":true,"href":"https:\/\/www.audace44.fr\/commande\/wp-json\/wp\/v2\/product_tag?post=17400"}],"curies":[{"name":"wp","href":"https:\/\/api.w.org\/{rel}","templated":true}]}}