{"id":17404,"date":"2025-09-10T15:43:04","date_gmt":"2025-09-10T13:43:04","guid":{"rendered":"https:\/\/www.audace44.fr\/commande\/?post_type=product&#038;p=17404"},"modified":"2025-10-30T10:51:45","modified_gmt":"2025-10-30T09:51:45","slug":"festival-mondial-de-la-magie-11-12-26","status":"publish","type":"product","link":"https:\/\/www.audace44.fr\/commande\/produit\/festival-mondial-de-la-magie-11-12-26\/","title":{"rendered":"Festival Mondial de la Magie 11\/12\/26"},"content":{"rendered":"<p>Angers - Ar\u00e9na Loire Tr\u00e9laz\u00e9<\/p>\n<p>Ce show, consid\u00e9r\u00e9 comme le plus grand show de magie d\u2019Europe, a d\u00e9j\u00e0 conquis plus de 140.000 spectateurs en France.<\/p>\n<p>Le Festival Mondial de la Magie pr\u00e9sente une nouvelle \u00e9dition encore plus grandiose, avec des mega illusions et num\u00e9ros in\u00e9dits jamais produits en Europe et toujours avec des artistes exceptionnels consid\u00e9r\u00e9s comme \u00ab les plus grands magiciens actuels au monde \u00bb<\/p>\n<p>Transformer votre journ\u00e9e ou soir\u00e9e ordinaire en un \u00e9v\u00e8nement extraordinaire est le seul but de tous les artistes r\u00e9unis ensemble sur une m\u00eame sc\u00e8ne pendant pr\u00e8s de 1h50 sans entracte.<\/p>\n<p>Grandes et mega illusions , magie comique, mentalisme, prestidigitateur, magie digitale, manipulateur de cartes, magie des lumi\u00e8res, tous les courants de l\u2019illusionnisme seront repr\u00e9sent\u00e9s.<\/p>\n<p>Cat 1 70 \u20ac<\/p>\n<p>Cat 2 60\u20ac<\/p>\n<p>Cat 3 50 \u20ac<\/p>\n<p>tarifs enfants nous contacter<\/p>\n<p>Nous \u00e9crire par mail pour la r\u00e9servation<\/p>\n","protected":false},"excerpt":{"rendered":"<p>Festival Mondial de la Magie 11\/12\/26<\/p>\n","protected":false},"featured_media":17405,"template":"","meta":[],"product_cat":[119,84],"product_tag":[],"_links":{"self":[{"href":"https:\/\/www.audace44.fr\/commande\/wp-json\/wp\/v2\/product\/17404"}],"collection":[{"href":"https:\/\/www.audace44.fr\/commande\/wp-json\/wp\/v2\/product"}],"about":[{"href":"https:\/\/www.audace44.fr\/commande\/wp-json\/wp\/v2\/types\/product"}],"wp:featuredmedia":[{"embeddable":true,"href":"https:\/\/www.audace44.fr\/commande\/wp-json\/wp\/v2\/media\/17405"}],"wp:attachment":[{"href":"https:\/\/www.audace44.fr\/commande\/wp-json\/wp\/v2\/media?parent=17404"}],"wp:term":[{"taxonomy":"product_cat","embeddable":true,"href":"https:\/\/www.audace44.fr\/commande\/wp-json\/wp\/v2\/product_cat?post=17404"},{"taxonomy":"product_tag","embeddable":true,"href":"https:\/\/www.audace44.fr\/commande\/wp-json\/wp\/v2\/product_tag?post=17404"}],"curies":[{"name":"wp","href":"https:\/\/api.w.org\/{rel}","templated":true}]}}