{"id":17550,"date":"2025-10-31T14:15:23","date_gmt":"2025-10-31T13:15:23","guid":{"rendered":"https:\/\/www.audace44.fr\/commande\/?post_type=product&#038;p=17550"},"modified":"2026-01-15T15:40:25","modified_gmt":"2026-01-15T14:40:25","slug":"promo-thalasso","status":"publish","type":"product","link":"https:\/\/www.audace44.fr\/commande\/produit\/promo-thalasso\/","title":{"rendered":"Promo Thalasso"},"content":{"rendered":"<p>Promo Thalasso, sp\u00e9cialiste du bien-\u00eatre, vous propose des s\u00e9jours thalasso \u00e0 prix exclusifs, avec accompagnement personnalis\u00e9 et s\u00e9curit\u00e9.<\/p>\n<p>Choisissez votre s\u00e9jour id\u00e9al en ligne, b\u00e9n\u00e9ficiez de conseils experts et partez l\u2019esprit tranquille.<\/p>\n<p>Jusqu\u2019\u00e0 35% de r\u00e9duction sur les meilleurs s\u00e9jours - une remise de 5% suppl\u00e9mentaire<\/p>\n<p>Code de r\u00e9duction \u00e0 indiquer sur le site lors de la commande: <strong>AUDA44TH26CSE<\/strong><\/p>\n<p>Email :\u00a0<a href=\"mailto:cse@promothalasso.com\" target=\"_blank\" rel=\"noopener\">cse@promothalasso.com<\/a><br \/>\nSite Internet :\u00a0<a href=\"https:\/\/www.promothalasso.com\/\" target=\"_blank\" rel=\"noopener\">https:\/\/www.promothalasso.com\/<\/a><\/p>\n<p>Carte Audace de l'ann\u00e9e en cours demand\u00e9e pour la r\u00e9servation.<\/p>\n","protected":false},"excerpt":{"rendered":"<p>Promo Thalasso, votre moment d\u00e9tente au meilleur prix.<\/p>\n<p>&#8211; Jusqu&#8217;\u00e0 &#8211; 35% sur votre s\u00e9jour<\/p>\n<p>&#8211; S\u00e9jour et cure en thalasso \u00e0 prix doux<\/p>\n","protected":false},"featured_media":17551,"template":"","meta":[],"product_cat":[117,81,95,86],"product_tag":[],"_links":{"self":[{"href":"https:\/\/www.audace44.fr\/commande\/wp-json\/wp\/v2\/product\/17550"}],"collection":[{"href":"https:\/\/www.audace44.fr\/commande\/wp-json\/wp\/v2\/product"}],"about":[{"href":"https:\/\/www.audace44.fr\/commande\/wp-json\/wp\/v2\/types\/product"}],"wp:featuredmedia":[{"embeddable":true,"href":"https:\/\/www.audace44.fr\/commande\/wp-json\/wp\/v2\/media\/17551"}],"wp:attachment":[{"href":"https:\/\/www.audace44.fr\/commande\/wp-json\/wp\/v2\/media?parent=17550"}],"wp:term":[{"taxonomy":"product_cat","embeddable":true,"href":"https:\/\/www.audace44.fr\/commande\/wp-json\/wp\/v2\/product_cat?post=17550"},{"taxonomy":"product_tag","embeddable":true,"href":"https:\/\/www.audace44.fr\/commande\/wp-json\/wp\/v2\/product_tag?post=17550"}],"curies":[{"name":"wp","href":"https:\/\/api.w.org\/{rel}","templated":true}]}}