{"id":17556,"date":"2025-10-31T15:37:25","date_gmt":"2025-10-31T14:37:25","guid":{"rendered":"https:\/\/www.audace44.fr\/commande\/?post_type=product&#038;p=17556"},"modified":"2025-11-28T14:20:52","modified_gmt":"2025-11-28T13:20:52","slug":"luz-ardiden","status":"publish","type":"product","link":"https:\/\/www.audace44.fr\/commande\/produit\/luz-ardiden\/","title":{"rendered":"Luz Ardiden"},"content":{"rendered":"<p><strong>Depuis sa cr\u00e9ation, la station s\u2019est d\u00e9velopp\u00e9e gr\u00e2ce \u00e0 l\u2019\u00e9nergie et \u00e0 la passion d\u2019un territoire, d\u2019hommes et de femmes qui ont cru en ce projet.\u00a0<\/strong><\/p>\n<p><strong>D\u00e9couvrez un domaine skiable unique dans les Pyr\u00e9n\u00e9es avec 3 versants distincts qui s\u2019adaptent \u00e0 tous les niveaux de ski. Que vous soyez d\u00e9butant, amateur de glisse ou adepte de sensations fortes, Luz Ardiden est la destination id\u00e9ale pour vos sorties hivernales.<\/strong><\/p>\n<p><strong>Dates d\u2019ouverture de la station :<\/strong><u><br \/>\n<\/u>Du 29 novembre 2025 au 29 mars 2026<\/p>\n<p><strong>Comment r\u00e9server ?<\/strong><\/p>\n<ul>\n<li>R\u00e9servation en toute autonomie via le lien suivant :\u00a0<a href=\"https:\/\/luz-ardiden.com\/offres-entreprises\/\">https:\/\/luz-ardiden.com\/offres-entreprises\/<\/a><\/li>\n<li>Code d\u2019acc\u00e8s \u00e0 utiliser :\u00a0<strong>LUZ-2526!<\/strong><\/li>\n<\/ul>\n<p><strong>Carte Audace n\u00e9cessaire pour toute r\u00e9servation<\/strong><\/p>\n<p><strong>Les r\u00e9ductions sont valables sur :<\/strong><\/p>\n<ul>\n<li>Les forfaits \u00e0 la journ\u00e9e<\/li>\n<li>Les forfaits saison<\/li>\n<li>Les packs d\u2019activit\u00e9s<\/li>\n<li>L\u2019h\u00e9bergement<\/li>\n<li>La location de mat\u00e9riel<\/li>\n<\/ul>\n","protected":false},"excerpt":{"rendered":"<p>Luz Ardiden Pyr\u00e9n\u00e9es<\/p>\n<p>H\u00e9bergement, forfaits, location de mat\u00e9riel<\/p>\n","protected":false},"featured_media":17637,"template":"","meta":[],"product_cat":[117,120,79],"product_tag":[],"_links":{"self":[{"href":"https:\/\/www.audace44.fr\/commande\/wp-json\/wp\/v2\/product\/17556"}],"collection":[{"href":"https:\/\/www.audace44.fr\/commande\/wp-json\/wp\/v2\/product"}],"about":[{"href":"https:\/\/www.audace44.fr\/commande\/wp-json\/wp\/v2\/types\/product"}],"wp:featuredmedia":[{"embeddable":true,"href":"https:\/\/www.audace44.fr\/commande\/wp-json\/wp\/v2\/media\/17637"}],"wp:attachment":[{"href":"https:\/\/www.audace44.fr\/commande\/wp-json\/wp\/v2\/media?parent=17556"}],"wp:term":[{"taxonomy":"product_cat","embeddable":true,"href":"https:\/\/www.audace44.fr\/commande\/wp-json\/wp\/v2\/product_cat?post=17556"},{"taxonomy":"product_tag","embeddable":true,"href":"https:\/\/www.audace44.fr\/commande\/wp-json\/wp\/v2\/product_tag?post=17556"}],"curies":[{"name":"wp","href":"https:\/\/api.w.org\/{rel}","templated":true}]}}