{"id":17725,"date":"2025-11-18T15:35:29","date_gmt":"2025-11-18T14:35:29","guid":{"rendered":"https:\/\/www.audace44.fr\/commande\/?post_type=product&#038;p=17725"},"modified":"2025-11-26T17:55:58","modified_gmt":"2025-11-26T16:55:58","slug":"odalys-city","status":"publish","type":"product","link":"https:\/\/www.audace44.fr\/commande\/produit\/odalys-city\/","title":{"rendered":"Odalys City"},"content":{"rendered":"<h3 id=\"titre-recapresidences\">Locations courtes et longues dur\u00e9es en Appart'hotel, en R\u00e9sidence ou en H\u00f4tel-R\u00e9sidence en ville<\/h3>\n<p id=\"texte-recapresidences\">S\u00e9journez au calme dans un cadre bucolique et profitez d'une nature pr\u00e9serv\u00e9e. Nos locations \u00e0 la campagne vous permettent de d\u00e9couvrir des r\u00e9gions touristiques aux paysages vari\u00e9s, qui proposent de nombreuses activit\u00e9s de plein air et un patrimoine rural, culturel, gastronomique ou historique d'une richesse exceptionnelle. Citadins, inspirez \u00e0 pleins poumons et prenez un grand bol d'air pur : cette ann\u00e9e, vos vacances seront un v\u00e9ritable retour aux sources, entre farniente et escapades touristiques.<\/p>\n<p>Nous vous proposons une s\u00e9lection de locations \u00e0 la campagne qui sont autant d'invitations \u00e0 d\u00e9couvrir de nouvelles destinations : territoires ruraux et agricoles, parcs naturels r\u00e9gionaux ou nationaux, zones littorales ou vall\u00e9es de montagne\u2026 Choisissez vos dates de s\u00e9jour et r\u00e9servez en ligne votre prochain s\u00e9jour \u00e0 la campagne !<\/p>\n<p>D\u00e9couvrez l'offre <a href=\"https:\/\/www.odalys-vacances.com\/location-ville\/\" target=\"_blank\" rel=\"noopener\">ICI<\/a><\/p>\n<p>Avec votre code partenaire: 44audace<\/p>\n<ul>\n<li>20% de remise au moins 30 jours \u00e0 l'avance<\/li>\n<li>10 % de remise en r\u00e9servant jusqu'\u00e0 J-4<\/li>\n<li>Frais de dossier offerts<\/li>\n<\/ul>\n<p>Carte Audace obligatoire pour r\u00e9server (\u00e0 t\u00e9l\u00e9charger dans votre espace personnel)<\/p>\n","protected":false},"excerpt":{"rendered":"<p>De 10 \u00e0 20 % de remise pour la location d&#8217;un appartement en ville.<\/p>\n","protected":false},"featured_media":17726,"template":"","meta":[],"product_cat":[117,86,79],"product_tag":[],"_links":{"self":[{"href":"https:\/\/www.audace44.fr\/commande\/wp-json\/wp\/v2\/product\/17725"}],"collection":[{"href":"https:\/\/www.audace44.fr\/commande\/wp-json\/wp\/v2\/product"}],"about":[{"href":"https:\/\/www.audace44.fr\/commande\/wp-json\/wp\/v2\/types\/product"}],"wp:featuredmedia":[{"embeddable":true,"href":"https:\/\/www.audace44.fr\/commande\/wp-json\/wp\/v2\/media\/17726"}],"wp:attachment":[{"href":"https:\/\/www.audace44.fr\/commande\/wp-json\/wp\/v2\/media?parent=17725"}],"wp:term":[{"taxonomy":"product_cat","embeddable":true,"href":"https:\/\/www.audace44.fr\/commande\/wp-json\/wp\/v2\/product_cat?post=17725"},{"taxonomy":"product_tag","embeddable":true,"href":"https:\/\/www.audace44.fr\/commande\/wp-json\/wp\/v2\/product_tag?post=17725"}],"curies":[{"name":"wp","href":"https:\/\/api.w.org\/{rel}","templated":true}]}}