{"id":17748,"date":"2025-11-21T16:12:31","date_gmt":"2025-11-21T15:12:31","guid":{"rendered":"https:\/\/www.audace44.fr\/commande\/?post_type=product&#038;p=17748"},"modified":"2025-11-21T16:23:18","modified_gmt":"2025-11-21T15:23:18","slug":"altis-voyages","status":"publish","type":"product","link":"https:\/\/www.audace44.fr\/commande\/produit\/altis-voyages\/","title":{"rendered":"Altis Voyages"},"content":{"rendered":"<p>Tour op\u00e9rateur de vos voyages \u00e0 plusieurs, Altis fabrique des s\u00e9jours d\u2019exception pour tout groupe constitu\u00e9 \u00e0 partir de 15 personnes.<\/p>\n<p><strong>Le GIR (Groupes d\u2019Individuels Regroup\u00e9s)<\/strong><\/p>\n<p>Un tour du monde en plus de 50 destinations, du circuit organis\u00e9 au s\u00e9jour libre, de la croisi\u00e8re \u00e0 l\u2019auto-tour.<\/p>\n<p>Globe-trotters n\u00e9s, nos voyagistes vous escortent pas \u00e0 pas pour concevoir votre s\u00e9jour sur-mesure.<\/p>\n<p>D\u00e9couvrir les voyages propos\u00e9s <a href=\"https:\/\/www.altis-voyages.fr\/voyages-individuels\/\" target=\"_blank\" rel=\"noopener\"><strong>ICI<\/strong><\/a><\/p>\n<p>Code partenaire offrant 10 %:<\/p>\n<p>Login: ALTISOP<\/p>\n<p>Mot de passe: Altis25!!<\/p>\n","protected":false},"excerpt":{"rendered":"<p>Voyager en solo mais jamais seul !<\/p>\n<p><strong>le GIR (Groupes d\u2019Individuels Regroup\u00e9s)<\/strong><\/p>\n","protected":false},"featured_media":17749,"template":"","meta":[],"product_cat":[113,86,79],"product_tag":[],"_links":{"self":[{"href":"https:\/\/www.audace44.fr\/commande\/wp-json\/wp\/v2\/product\/17748"}],"collection":[{"href":"https:\/\/www.audace44.fr\/commande\/wp-json\/wp\/v2\/product"}],"about":[{"href":"https:\/\/www.audace44.fr\/commande\/wp-json\/wp\/v2\/types\/product"}],"wp:featuredmedia":[{"embeddable":true,"href":"https:\/\/www.audace44.fr\/commande\/wp-json\/wp\/v2\/media\/17749"}],"wp:attachment":[{"href":"https:\/\/www.audace44.fr\/commande\/wp-json\/wp\/v2\/media?parent=17748"}],"wp:term":[{"taxonomy":"product_cat","embeddable":true,"href":"https:\/\/www.audace44.fr\/commande\/wp-json\/wp\/v2\/product_cat?post=17748"},{"taxonomy":"product_tag","embeddable":true,"href":"https:\/\/www.audace44.fr\/commande\/wp-json\/wp\/v2\/product_tag?post=17748"}],"curies":[{"name":"wp","href":"https:\/\/api.w.org\/{rel}","templated":true}]}}