{"id":17798,"date":"2025-12-01T14:03:33","date_gmt":"2025-12-01T13:03:33","guid":{"rendered":"https:\/\/www.audace44.fr\/commande\/?post_type=product&#038;p=17798"},"modified":"2025-12-01T14:05:52","modified_gmt":"2025-12-01T13:05:52","slug":"into-the-vine","status":"publish","type":"product","link":"https:\/\/www.audace44.fr\/commande\/produit\/into-the-vine\/","title":{"rendered":"Into The Vine"},"content":{"rendered":"<p><strong>Into the vine<\/strong>, une nouvelle offre de <strong>circuits \u0153notouristiques dans le Muscadet<\/strong>, sp\u00e9cialement con\u00e7ue pour faire d\u00e9couvrir les richesses de notre terroir \u00e0 travers des exp\u00e9riences conviviales, culturelles et responsables.<\/p>\n<p>Les circuits, d\u00e9di\u00e9s aux <strong>vins biologiques et biodynamiques<\/strong>, proposent une immersion authentique dans les domaines viticoles du territoire :<\/p>\n<ul>\n<li><strong>Rencontres avec les vignerons<\/strong>,<\/li>\n<li><strong>D\u00e9gustations comment\u00e9es<\/strong>,<\/li>\n<li><strong>Balades \u00e0 travers les vignes<\/strong>,<\/li>\n<li>Et la d\u00e9couverte du <strong>patrimoine local<\/strong> sous un nouvel angle.<\/li>\n<\/ul>\n<p>D\u00e9couvrez notre univers sur <a href=\"http:\/\/www.into-the-vine.com\" target=\"_blank\" rel=\"noopener\">www.into-the-vine.com<\/a><\/p>\n<p>-10 % avec le code partenaire AUDACE44, un justificatif (carte AUDACE) peut vous \u00eatre demand\u00e9<\/p>\n","protected":false},"excerpt":{"rendered":"<p><strong>Circuits \u0153notouristiques dans le Muscadet<\/strong><\/p>\n<p>-10% avec Audace<\/p>\n","protected":false},"featured_media":17799,"template":"","meta":[],"product_cat":[121,83,84,92],"product_tag":[],"_links":{"self":[{"href":"https:\/\/www.audace44.fr\/commande\/wp-json\/wp\/v2\/product\/17798"}],"collection":[{"href":"https:\/\/www.audace44.fr\/commande\/wp-json\/wp\/v2\/product"}],"about":[{"href":"https:\/\/www.audace44.fr\/commande\/wp-json\/wp\/v2\/types\/product"}],"wp:featuredmedia":[{"embeddable":true,"href":"https:\/\/www.audace44.fr\/commande\/wp-json\/wp\/v2\/media\/17799"}],"wp:attachment":[{"href":"https:\/\/www.audace44.fr\/commande\/wp-json\/wp\/v2\/media?parent=17798"}],"wp:term":[{"taxonomy":"product_cat","embeddable":true,"href":"https:\/\/www.audace44.fr\/commande\/wp-json\/wp\/v2\/product_cat?post=17798"},{"taxonomy":"product_tag","embeddable":true,"href":"https:\/\/www.audace44.fr\/commande\/wp-json\/wp\/v2\/product_tag?post=17798"}],"curies":[{"name":"wp","href":"https:\/\/api.w.org\/{rel}","templated":true}]}}