{"id":17874,"date":"2025-12-09T11:44:08","date_gmt":"2025-12-09T10:44:08","guid":{"rendered":"https:\/\/www.audace44.fr\/commande\/?post_type=product&#038;p=17874"},"modified":"2025-12-09T11:44:08","modified_gmt":"2025-12-09T10:44:08","slug":"dans-les-yeux-de-monet-30-03-26","status":"publish","type":"product","link":"https:\/\/www.audace44.fr\/commande\/produit\/dans-les-yeux-de-monet-30-03-26\/","title":{"rendered":"Dans les yeux de Monet 30\/03\/26"},"content":{"rendered":"<p>Elle vient perturber son quotidien.<br \/>\nElle deviendra sa source d\u2019inspiration.<\/p>\n<p>En 1892, Claude Monet s'enferme plusieurs mois au-dessus d'une boutique de lingerie et mode \u00e0 Rouen, pour peindre la Cath\u00e9drale. Mais l'obscurit\u00e9 et le doute l'ont envahi.<br \/>\nIl est alors rejoint par une jeune mod\u00e8le de la boutique venue passer un corset.<br \/>\nElle l'exasp\u00e8re, elle l'insupporte.<br \/>\nMais peut-\u00eatre saura-t-elle aussi lui rendre la gr\u00e2ce.<\/p>\n<p>Angers 30\/03\/26 20h30<\/p>\n<p>Cat 1 56 \u20ac<\/p>\n<p>Nous contacter pour commander en nous pr\u00e9cisant le nombre de places<\/p>\n","protected":false},"excerpt":{"rendered":"<p>Elle vient perturber son quotidien. Elle deviendra sa source d\u2019inspiration. En 1892, Claude Monet s&#8217;enferme plusieurs mois au-dessus d&#8217;une boutique de lingerie et mode \u00e0 Rouen, pour peindre la Cath\u00e9drale. Mais l&#8217;obscurit\u00e9 et le doute l&#8217;ont envahi. Il est alors rejoint par une jeune mod\u00e8le de la boutique venue passer un corset. Elle l&#8217;exasp\u00e8re, elle<\/p>\n<div><a class=\"btn-filled btn\" href=\"https:\/\/www.audace44.fr\/commande\/produit\/dans-les-yeux-de-monet-30-03-26\/\" title=\"Dans les yeux de Monet 30\/03\/26\">Lire la suite<\/a><\/div>\n","protected":false},"featured_media":17875,"template":"","meta":[],"product_cat":[119,84],"product_tag":[],"_links":{"self":[{"href":"https:\/\/www.audace44.fr\/commande\/wp-json\/wp\/v2\/product\/17874"}],"collection":[{"href":"https:\/\/www.audace44.fr\/commande\/wp-json\/wp\/v2\/product"}],"about":[{"href":"https:\/\/www.audace44.fr\/commande\/wp-json\/wp\/v2\/types\/product"}],"wp:featuredmedia":[{"embeddable":true,"href":"https:\/\/www.audace44.fr\/commande\/wp-json\/wp\/v2\/media\/17875"}],"wp:attachment":[{"href":"https:\/\/www.audace44.fr\/commande\/wp-json\/wp\/v2\/media?parent=17874"}],"wp:term":[{"taxonomy":"product_cat","embeddable":true,"href":"https:\/\/www.audace44.fr\/commande\/wp-json\/wp\/v2\/product_cat?post=17874"},{"taxonomy":"product_tag","embeddable":true,"href":"https:\/\/www.audace44.fr\/commande\/wp-json\/wp\/v2\/product_tag?post=17874"}],"curies":[{"name":"wp","href":"https:\/\/api.w.org\/{rel}","templated":true}]}}