{"id":17876,"date":"2025-12-09T11:46:20","date_gmt":"2025-12-09T10:46:20","guid":{"rendered":"https:\/\/www.audace44.fr\/commande\/?post_type=product&#038;p=17876"},"modified":"2026-03-16T16:53:50","modified_gmt":"2026-03-16T15:53:50","slug":"tom-baldetti-09-04-26","status":"publish","type":"product","link":"https:\/\/www.audace44.fr\/commande\/produit\/tom-baldetti-09-04-26\/","title":{"rendered":"Tom Baldetti 09\/04\/26"},"content":{"rendered":"<div class=\"col-xs-12 col-md-7\">\n<header class=\"node-evt-header text-max-width mb-md\">\n<h2 class=\"node-evt-sous-titre\">Tome 1<\/h2>\n<h2 class=\"node-evt-sous-titre\">T<span style=\"font-size: 16px;\">om aime les gens, il sait les regarder et a compris comment les faire rire.<\/span><\/h2>\n<\/header>\n<\/div>\n<div class=\"col-xs-12 col-md-7\">\n<div id=\"node-texte\" class=\"node-texte clearfix text-max-width cke_editable mb-md\">\n<p>Dans ce stand up d\u2019une dr\u00f4lerie d\u00e9sarmante, Tom d\u00e9cor9que ses liens familiaux, ses peurs de l\u2019enfance et les forces insoup\u00e7onn\u00e9es d\u2019un jeune adulte. Il se ques9onne sur la paternit\u00e9, le sens de l\u2019ami9\u00e9 et la folle envie d\u2019\u00eatre aim\u00e9.<br \/>\nAvec une grande ma\u00eetrise de l'improvisa9on affin\u00e9e dans les Comedy Clubs et une bienveillance constante envers son public, son jeu puissant et la justesse de son texte font de ce spectacle un moment pas comme les autres, dont on se rappellera longtemps.<br \/>\nPS : prenez aussi une place pour votre m\u00e8re, elle va tellement kiffer.<\/p>\n<p>Nantes cit\u00e9 des Congr\u00e8s 20h30 le 09\/04\/26<\/p>\n<p>assis libre 32 \u20ac<\/p>\n<\/div>\n<\/div>\n","protected":false},"excerpt":{"rendered":"<p>Tome 1 Tom aime les gens, il sait les regarder et a compris comment les faire rire. Dans ce stand up d\u2019une dr\u00f4lerie d\u00e9sarmante, Tom d\u00e9cor9que ses liens familiaux, ses peurs de l\u2019enfance et les forces insoup\u00e7onn\u00e9es d\u2019un jeune adulte. Il se ques9onne sur la paternit\u00e9, le sens de l\u2019ami9\u00e9 et la folle envie d\u2019\u00eatre<\/p>\n<div><a class=\"btn-filled btn\" href=\"https:\/\/www.audace44.fr\/commande\/produit\/tom-baldetti-09-04-26\/\" title=\"Tom Baldetti 09\/04\/26\">Lire la suite<\/a><\/div>\n","protected":false},"featured_media":17877,"template":"","meta":[],"product_cat":[119,84],"product_tag":[],"_links":{"self":[{"href":"https:\/\/www.audace44.fr\/commande\/wp-json\/wp\/v2\/product\/17876"}],"collection":[{"href":"https:\/\/www.audace44.fr\/commande\/wp-json\/wp\/v2\/product"}],"about":[{"href":"https:\/\/www.audace44.fr\/commande\/wp-json\/wp\/v2\/types\/product"}],"wp:featuredmedia":[{"embeddable":true,"href":"https:\/\/www.audace44.fr\/commande\/wp-json\/wp\/v2\/media\/17877"}],"wp:attachment":[{"href":"https:\/\/www.audace44.fr\/commande\/wp-json\/wp\/v2\/media?parent=17876"}],"wp:term":[{"taxonomy":"product_cat","embeddable":true,"href":"https:\/\/www.audace44.fr\/commande\/wp-json\/wp\/v2\/product_cat?post=17876"},{"taxonomy":"product_tag","embeddable":true,"href":"https:\/\/www.audace44.fr\/commande\/wp-json\/wp\/v2\/product_tag?post=17876"}],"curies":[{"name":"wp","href":"https:\/\/api.w.org\/{rel}","templated":true}]}}