{"id":17878,"date":"2025-12-09T11:50:35","date_gmt":"2025-12-09T10:50:35","guid":{"rendered":"https:\/\/www.audace44.fr\/commande\/?post_type=product&#038;p=17878"},"modified":"2025-12-09T11:50:35","modified_gmt":"2025-12-09T10:50:35","slug":"lily-et-lily-19-04-26","status":"publish","type":"product","link":"https:\/\/www.audace44.fr\/commande\/produit\/lily-et-lily-19-04-26\/","title":{"rendered":"Lily et Lily 19\/04\/26"},"content":{"rendered":"<p>Apr\u00e8s leur succ\u00e8s au Th\u00e9\u00e2tre de Paris, retrouvez Mich\u00e8le Bernier et Francis Perrin sur les planches en tourn\u00e9e dans \u00ab Lily et Lily \u00bb, mise en sc\u00e8ne par Marie Pascale Osterrieth.<\/p>\n<p>Hollywood, 1935. Lily Da Costa, star incontournable dont le talent n\u2019a d\u2019\u00e9gal que son go\u00fbt immod\u00e9r\u00e9 pour le luxe, l\u2019alcool et les hommes, est assaillie par la presse et son entourage cupide et int\u00e9ress\u00e9.<br \/>\nDeborah, sa s\u0153ur jumelle un peu gourde, \u00e9pouse effac\u00e9e d\u2019un aust\u00e8re pasteur du Minnesota, quitte ses poules et ses patates douces, bien d\u00e9cid\u00e9e \u00e0 venir sauver l\u2019\u00e2me de sa s\u0153ur et la remettre dans le droit chemin.<\/p>\n<p>L\u2019une et l\u2019autre, copies conformes, seront amen\u00e9es \u00e0 se remplacer\u2026<\/p>\n<p>La pi\u00e8ce mythique de Barillet et Gredy, jou\u00e9e par Jacqueline Maillan en 1985 revient dans une version revisit\u00e9e et moderne, pour enchanter une nouvelle g\u00e9n\u00e9ration de spectateurs.<\/p>\n<p>Vend\u00e9space Mouilleron-le-Captif\u00a0 \u00a0 19\/04\/26\u00a0 \u00e0 17h<\/p>\n<p>Cat 1 56 \u20ac<\/p>\n<p>Cat 2 46 \u20ac<\/p>\n<p>Nous contacter pour la commande, en nous pr\u00e9cisant le nombre de places et la cat\u00e9gorie<\/p>\n","protected":false},"excerpt":{"rendered":"<p>Apr\u00e8s leur succ\u00e8s au Th\u00e9\u00e2tre de Paris, retrouvez Mich\u00e8le Bernier et Francis Perrin sur les planches en tourn\u00e9e dans \u00ab Lily et Lily \u00bb, mise en sc\u00e8ne par Marie Pascale Osterrieth. Hollywood, 1935. Lily Da Costa, star incontournable dont le talent n\u2019a d\u2019\u00e9gal que son go\u00fbt immod\u00e9r\u00e9 pour le luxe, l\u2019alcool et les hommes, est<\/p>\n<div><a class=\"btn-filled btn\" href=\"https:\/\/www.audace44.fr\/commande\/produit\/lily-et-lily-19-04-26\/\" title=\"Lily et Lily 19\/04\/26\">Lire la suite<\/a><\/div>\n","protected":false},"featured_media":17879,"template":"","meta":[],"product_cat":[119,84],"product_tag":[],"_links":{"self":[{"href":"https:\/\/www.audace44.fr\/commande\/wp-json\/wp\/v2\/product\/17878"}],"collection":[{"href":"https:\/\/www.audace44.fr\/commande\/wp-json\/wp\/v2\/product"}],"about":[{"href":"https:\/\/www.audace44.fr\/commande\/wp-json\/wp\/v2\/types\/product"}],"wp:featuredmedia":[{"embeddable":true,"href":"https:\/\/www.audace44.fr\/commande\/wp-json\/wp\/v2\/media\/17879"}],"wp:attachment":[{"href":"https:\/\/www.audace44.fr\/commande\/wp-json\/wp\/v2\/media?parent=17878"}],"wp:term":[{"taxonomy":"product_cat","embeddable":true,"href":"https:\/\/www.audace44.fr\/commande\/wp-json\/wp\/v2\/product_cat?post=17878"},{"taxonomy":"product_tag","embeddable":true,"href":"https:\/\/www.audace44.fr\/commande\/wp-json\/wp\/v2\/product_tag?post=17878"}],"curies":[{"name":"wp","href":"https:\/\/api.w.org\/{rel}","templated":true}]}}