{"id":17881,"date":"2025-12-09T12:00:23","date_gmt":"2025-12-09T11:00:23","guid":{"rendered":"https:\/\/www.audace44.fr\/commande\/?post_type=product&#038;p=17881"},"modified":"2025-12-09T12:00:23","modified_gmt":"2025-12-09T11:00:23","slug":"secrets-medical-nantes-et-angers","status":"publish","type":"product","link":"https:\/\/www.audace44.fr\/commande\/produit\/secrets-medical-nantes-et-angers\/","title":{"rendered":"Secret(s) m\u00e9dical Nantes et Angers"},"content":{"rendered":"<p>Pour la toute premi\u00e8re fois au th\u00e9\u00e2tre, Michel Cymes monte sur les planches dans une com\u00e9die in\u00e9dite et f\u00e9roce sur le milieu m\u00e9dical \u2026<\/p>\n<p>Quatre amis, anciens de la fac de m\u00e9decine, se retrouvent comme \u00e0 leur habitude chez Andr\u00e9, leur resto favori.<\/p>\n<p>Mais la soir\u00e9e tourne court quand le psy du groupe fait une r\u00e9v\u00e9lation fracassante : son patient, un politicien tr\u00e8s controvers\u00e9, est en lice pour la Pr\u00e9sidentielle !<\/p>\n<p>D\u00e8s lors, l\u2019amiti\u00e9 se fissure, les secrets se d\u00e9voilent et les compromis s\u2019entrechoquent face \u00e0 un dilemme crucial : faut-il briser le secret professionnel pour le bien commun ?<\/p>\n<p>Attendez-vous \u00e0 un d\u00eener explosif !<\/p>\n<p>Vend\u00e9espace-Mouilleron-le-Captif 10\/12\/26 \u00e0 20h30\u00a0 ou\u00a0 \u00a0 Nantes - Parc des expositions le 12\/12\/26 \u00e0 20h30<\/p>\n<p>Cat 1 56,20 \u20ac<\/p>\n<p>Cat 2 46,20 \u20ac<\/p>\n<p>Nous contacter pour la commande en nous pr\u00e9cisant le nombre de places, la cat\u00e9gorie et la ville<\/p>\n","protected":false},"excerpt":{"rendered":"<p>Pour la toute premi\u00e8re fois au th\u00e9\u00e2tre, Michel Cymes monte sur les planches dans une com\u00e9die in\u00e9dite et f\u00e9roce sur le milieu m\u00e9dical \u2026 Quatre amis, anciens de la fac de m\u00e9decine, se retrouvent comme \u00e0 leur habitude chez Andr\u00e9, leur resto favori. Mais la soir\u00e9e tourne court quand le psy du groupe fait une<\/p>\n<div><a class=\"btn-filled btn\" href=\"https:\/\/www.audace44.fr\/commande\/produit\/secrets-medical-nantes-et-angers\/\" title=\"Secret(s) m\u00e9dical Nantes et Angers\">Lire la suite<\/a><\/div>\n","protected":false},"featured_media":17882,"template":"","meta":[],"product_cat":[119,84],"product_tag":[],"_links":{"self":[{"href":"https:\/\/www.audace44.fr\/commande\/wp-json\/wp\/v2\/product\/17881"}],"collection":[{"href":"https:\/\/www.audace44.fr\/commande\/wp-json\/wp\/v2\/product"}],"about":[{"href":"https:\/\/www.audace44.fr\/commande\/wp-json\/wp\/v2\/types\/product"}],"wp:featuredmedia":[{"embeddable":true,"href":"https:\/\/www.audace44.fr\/commande\/wp-json\/wp\/v2\/media\/17882"}],"wp:attachment":[{"href":"https:\/\/www.audace44.fr\/commande\/wp-json\/wp\/v2\/media?parent=17881"}],"wp:term":[{"taxonomy":"product_cat","embeddable":true,"href":"https:\/\/www.audace44.fr\/commande\/wp-json\/wp\/v2\/product_cat?post=17881"},{"taxonomy":"product_tag","embeddable":true,"href":"https:\/\/www.audace44.fr\/commande\/wp-json\/wp\/v2\/product_tag?post=17881"}],"curies":[{"name":"wp","href":"https:\/\/api.w.org\/{rel}","templated":true}]}}