{"id":18096,"date":"2025-12-22T11:15:53","date_gmt":"2025-12-22T10:15:53","guid":{"rendered":"https:\/\/www.audace44.fr\/commande\/?post_type=product&#038;p=18096"},"modified":"2026-04-09T19:09:38","modified_gmt":"2026-04-09T17:09:38","slug":"festival-la-corde-raide-2026","status":"publish","type":"product","link":"https:\/\/www.audace44.fr\/commande\/produit\/festival-la-corde-raide-2026\/","title":{"rendered":"Festival La Corde Raide 2026"},"content":{"rendered":"<p>Du 30 avril au 3 mai \u00e0 Pont-Ch\u00e2teau<\/p>\n<p>Le Festival La Corde Raide, organis\u00e9 par l\u2019Association Pont D\u2019Zic, revient encore plus fort et plus grand pour sa 8\u00e8me \u00e9dition qui se d\u00e9roulera du 30 avril au 3 mai 2026 sur le territoire de Pont-Ch\u00e2teau (44).<br \/>\nPour cette 8\u00e8me \u00e9dition, le Festival La Corde Raide voit les choses en grand !<br \/>\n3 sc\u00e8nes en semi plein-air, plus de 30 artistes, un concept revisit\u00e9 et une jauge qui augmente afin d'accueillir plus de public pour une exp\u00e9rience plus intense.<br \/>\nLa programmation, toujours \u00e0 l'image du festival, vient ouvrir un peu plus les portes \u00e0 d'autres esth\u00e9tismes tout en gardant ce qui en fait son succ\u00e8s depuis presque 10 ans.<br \/>\nUne diversit\u00e9 musicale autour des cordes et de la guitare avec des sonorit\u00e9s allant du rock au folk, du blues au m\u00e9tal, en passant par le rock celtique.<br \/>\nUn festival \u00e0 taille humaine qui veut satisfaire un public plus nombreux, dans une ambiance survolt\u00e9e et familiale \u00e0 la fois.<\/p>\n<p>JEUDI 30 AVRIL 2026:\u00a0Cali - Lofofora - Les hurlements d\u2019L\u00e9o - Red Cardell - Monty Picon - Ivy Bush - Triskill<\/p>\n<p>VENDREDI 1ER MAI 2026: Sans\u00e9verino - Tagada Jones - The Last Internationale - The Rumpled - Parpaing Papier - Opium du Peuple - One Rusty Band - Hop Crushers<\/p>\n<p>SAMEDI 2 MAI 2026: Orange Blossom - Celkilt - Cachemire - Klone - Les P\u2019tits Fils de Jeannine - Pogo Car Crash Control - Celt &amp; Piper - Rouge \u00e0 l\u00e8vres<\/p>\n<p>Pass 3 jours 84 \u20ac au lieu de 99 \u20ac - et Tarifs CE r\u00e9duit (-18 ans) 74 \u20ac<\/p>\n<p>Pass 2 jours 59 \u20ac au lieu de 69 \u20ac - et Tarifs CE r\u00e9duit (-18 ans) 52 \u20ac<\/p>\n<p>Pass 1 jour 33 \u20ac au lieu de 39 \u20ac - et Tarifs CE r\u00e9duit (-18 ans) 29 \u20ac<\/p>\n<p>Nous pr\u00e9ciser les jours en commentaire de la commande.<\/p>\n","protected":false},"excerpt":{"rendered":"<p>Du 30 avril au 3 mai \u00e0 Pont-Ch\u00e2teau Le Festival La Corde Raide, organis\u00e9 par l\u2019Association Pont D\u2019Zic, revient encore plus fort et plus grand pour sa 8\u00e8me \u00e9dition qui se d\u00e9roulera du 30 avril au 3 mai 2026 sur le territoire de Pont-Ch\u00e2teau (44). Pour cette 8\u00e8me \u00e9dition, le Festival La Corde Raide voit<\/p>\n<div><a class=\"btn-filled btn\" href=\"https:\/\/www.audace44.fr\/commande\/produit\/festival-la-corde-raide-2026\/\" title=\"Festival La Corde Raide 2026\">Lire la suite<\/a><\/div>\n","protected":false},"featured_media":18097,"template":"","meta":[],"product_cat":[119,84],"product_tag":[],"_links":{"self":[{"href":"https:\/\/www.audace44.fr\/commande\/wp-json\/wp\/v2\/product\/18096"}],"collection":[{"href":"https:\/\/www.audace44.fr\/commande\/wp-json\/wp\/v2\/product"}],"about":[{"href":"https:\/\/www.audace44.fr\/commande\/wp-json\/wp\/v2\/types\/product"}],"wp:featuredmedia":[{"embeddable":true,"href":"https:\/\/www.audace44.fr\/commande\/wp-json\/wp\/v2\/media\/18097"}],"wp:attachment":[{"href":"https:\/\/www.audace44.fr\/commande\/wp-json\/wp\/v2\/media?parent=18096"}],"wp:term":[{"taxonomy":"product_cat","embeddable":true,"href":"https:\/\/www.audace44.fr\/commande\/wp-json\/wp\/v2\/product_cat?post=18096"},{"taxonomy":"product_tag","embeddable":true,"href":"https:\/\/www.audace44.fr\/commande\/wp-json\/wp\/v2\/product_tag?post=18096"}],"curies":[{"name":"wp","href":"https:\/\/api.w.org\/{rel}","templated":true}]}}