{"id":18291,"date":"2026-02-10T12:59:02","date_gmt":"2026-02-10T11:59:02","guid":{"rendered":"https:\/\/www.audace44.fr\/commande\/?post_type=product&#038;p=18291"},"modified":"2026-03-24T15:17:31","modified_gmt":"2026-03-24T14:17:31","slug":"caliceo-promo-soins","status":"publish","type":"product","link":"https:\/\/www.audace44.fr\/commande\/produit\/caliceo-promo-soins\/","title":{"rendered":"Calic\u00e9o Promo Soins"},"content":{"rendered":"<p>Promo St Valentin.<\/p>\n<p>Bon cadeau d'un soin du visage ou d'un massage de 30 minutes. Le soin ou le massage est \u00e0 choisir ensuite aupr\u00e8s de Calic\u00e9o.<\/p>\n<p>Validit\u00e9 10\/02\/2027.<\/p>\n<p>2 bons en stock pour t\u00e9l\u00e9chargement, choisir un num\u00e9ro pour chaque bon (expl Soin 1)<\/p>\n<p>VALABLE DANS LES CENTRES CALICEO DE LYON - TOULOUSE - BORDEAUX- NANTES - PERPIGNAN - PAU<\/p>\n<p>Pour les autres centres nous contacter<\/p>\n<p>&nbsp;<\/p>\n","protected":false},"excerpt":{"rendered":"<p>Massage ou soin du visage de 30 minutes<\/p>\n<p>Promo St Valentin<\/p>\n","protected":false},"featured_media":18293,"template":"","meta":[],"product_cat":[81,95,15],"product_tag":[],"_links":{"self":[{"href":"https:\/\/www.audace44.fr\/commande\/wp-json\/wp\/v2\/product\/18291"}],"collection":[{"href":"https:\/\/www.audace44.fr\/commande\/wp-json\/wp\/v2\/product"}],"about":[{"href":"https:\/\/www.audace44.fr\/commande\/wp-json\/wp\/v2\/types\/product"}],"wp:featuredmedia":[{"embeddable":true,"href":"https:\/\/www.audace44.fr\/commande\/wp-json\/wp\/v2\/media\/18293"}],"wp:attachment":[{"href":"https:\/\/www.audace44.fr\/commande\/wp-json\/wp\/v2\/media?parent=18291"}],"wp:term":[{"taxonomy":"product_cat","embeddable":true,"href":"https:\/\/www.audace44.fr\/commande\/wp-json\/wp\/v2\/product_cat?post=18291"},{"taxonomy":"product_tag","embeddable":true,"href":"https:\/\/www.audace44.fr\/commande\/wp-json\/wp\/v2\/product_tag?post=18291"}],"curies":[{"name":"wp","href":"https:\/\/api.w.org\/{rel}","templated":true}]}}