{"id":18388,"date":"2026-02-10T14:30:40","date_gmt":"2026-02-10T13:30:40","guid":{"rendered":"https:\/\/www.audace44.fr\/commande\/?post_type=product&#038;p=18388"},"modified":"2026-02-10T14:30:40","modified_gmt":"2026-02-10T13:30:40","slug":"alligator-bay","status":"publish","type":"product","link":"https:\/\/www.audace44.fr\/commande\/produit\/alligator-bay\/","title":{"rendered":"Alligator Bay"},"content":{"rendered":"<h3>Parc animalier depuis 1994<\/h3>\n<p>Alligator bay est un parc zoologique, situ\u00e9 au pied du Mont Saint Michel, sp\u00e9cialis\u00e9 dans la faune reptilienne (l\u00e9zard, serpent, tortue, crocodile,\u2026) pr\u00e9sentant plus de 700 animaux des 5 continents.<\/p>\n<p>Le parc a \u00e9t\u00e9 cr\u00e9\u00e9 en 1994 par Jean-Pierre Mac\u00e9, passionn\u00e9 de reptiles. Aujourd\u2019hui, il fonctionne toujours selon le mod\u00e8le familiale et attire en moyenne 115000 visiteurs par an.<\/p>\n<p>Toutes les infos\u00a0 du parc <a href=\"https:\/\/www.alligator-bay.com\/actualites\/bientot-la-reouverture\/\" target=\"_blank\" rel=\"noopener\">ICI<\/a><\/p>\n","protected":false},"excerpt":{"rendered":"<p>Alligator Baie<\/p>\n<p>Beauvoir, 5 minutes du Mont St Michel<\/p>\n","protected":false},"featured_media":18389,"template":"","meta":[],"product_cat":[85,77],"product_tag":[],"_links":{"self":[{"href":"https:\/\/www.audace44.fr\/commande\/wp-json\/wp\/v2\/product\/18388"}],"collection":[{"href":"https:\/\/www.audace44.fr\/commande\/wp-json\/wp\/v2\/product"}],"about":[{"href":"https:\/\/www.audace44.fr\/commande\/wp-json\/wp\/v2\/types\/product"}],"wp:featuredmedia":[{"embeddable":true,"href":"https:\/\/www.audace44.fr\/commande\/wp-json\/wp\/v2\/media\/18389"}],"wp:attachment":[{"href":"https:\/\/www.audace44.fr\/commande\/wp-json\/wp\/v2\/media?parent=18388"}],"wp:term":[{"taxonomy":"product_cat","embeddable":true,"href":"https:\/\/www.audace44.fr\/commande\/wp-json\/wp\/v2\/product_cat?post=18388"},{"taxonomy":"product_tag","embeddable":true,"href":"https:\/\/www.audace44.fr\/commande\/wp-json\/wp\/v2\/product_tag?post=18388"}],"curies":[{"name":"wp","href":"https:\/\/api.w.org\/{rel}","templated":true}]}}