{"id":18514,"date":"2026-03-03T11:02:55","date_gmt":"2026-03-03T10:02:55","guid":{"rendered":"https:\/\/www.audace44.fr\/commande\/?post_type=product&#038;p=18514"},"modified":"2026-03-03T11:08:02","modified_gmt":"2026-03-03T10:08:02","slug":"bateaux-mouches","status":"publish","type":"product","link":"https:\/\/www.audace44.fr\/commande\/produit\/bateaux-mouches\/","title":{"rendered":"Bateaux Mouches"},"content":{"rendered":"<p>EMBARQUEZ POUR UNE PROMENADE SUR LA SEINE<\/p>\n<p>Billet individuel acc\u00e8s libre aux promenades r\u00e9guli\u00e8res.<br \/>\nD\u00e9part environ toutes les 30 \u00e0 45 minutes de 10h\/10h15 \u00e0 21h30 au plus t\u00f4t.<br \/>\nSelon p\u00e9riodes consultables sur le site web.<br \/>\nHors restauration et \u00e9v\u00e8nements sp\u00e9ciaux.<br \/>\nLe parcours est susceptible d\u2019\u00eatre modifi\u00e9 en cas de crue allant jusqu\u2019\u00e0 la fermeture inopin\u00e9e du site.<br \/>\nGratuit pour les enfants de moins de 4 ans<\/p>\n","protected":false},"excerpt":{"rendered":"<p>EMBARQUEZ POUR UNE PROMENADE SUR LA SEINE<\/p>\n<p>Billet individuel acc\u00e8s libre aux promenades r\u00e9guli\u00e8res.<\/p>\n","protected":false},"featured_media":18515,"template":"","meta":[],"product_cat":[84,92,86,96],"product_tag":[],"_links":{"self":[{"href":"https:\/\/www.audace44.fr\/commande\/wp-json\/wp\/v2\/product\/18514"}],"collection":[{"href":"https:\/\/www.audace44.fr\/commande\/wp-json\/wp\/v2\/product"}],"about":[{"href":"https:\/\/www.audace44.fr\/commande\/wp-json\/wp\/v2\/types\/product"}],"wp:featuredmedia":[{"embeddable":true,"href":"https:\/\/www.audace44.fr\/commande\/wp-json\/wp\/v2\/media\/18515"}],"wp:attachment":[{"href":"https:\/\/www.audace44.fr\/commande\/wp-json\/wp\/v2\/media?parent=18514"}],"wp:term":[{"taxonomy":"product_cat","embeddable":true,"href":"https:\/\/www.audace44.fr\/commande\/wp-json\/wp\/v2\/product_cat?post=18514"},{"taxonomy":"product_tag","embeddable":true,"href":"https:\/\/www.audace44.fr\/commande\/wp-json\/wp\/v2\/product_tag?post=18514"}],"curies":[{"name":"wp","href":"https:\/\/api.w.org\/{rel}","templated":true}]}}