{"id":18585,"date":"2026-03-17T15:22:38","date_gmt":"2026-03-17T14:22:38","guid":{"rendered":"https:\/\/www.audace44.fr\/commande\/?post_type=product&#038;p=18585"},"modified":"2026-03-17T15:27:10","modified_gmt":"2026-03-17T14:27:10","slug":"les-fauteuils-de-maggy","status":"publish","type":"product","link":"https:\/\/www.audace44.fr\/commande\/produit\/les-fauteuils-de-maggy\/","title":{"rendered":"Les fauteuils de Maggy"},"content":{"rendered":"<p>Les fauteuils de Maggy vous proposent des cours \u00e0 Tarifs Audace<\/p>\n<ul>\n<li><strong>Cours de Loisirs Cr\u00e9atifs chez un Tapissier d\u2019ameublement: <\/strong><strong>115 \u20ac<\/strong>au lieu de 120 \u20ac, sur pr\u00e9sentation de la carte Audace<\/li>\n<\/ul>\n<p>\u2192 Apprenez la base des techniques en tapisserie et repartez avec un Tabouret r\u00e9alis\u00e9 par vos soins<\/p>\n<p>\u2192 Cours ouverts \u00e0 tous sans exp\u00e9rience, \u00e0 partir de 15 ans<\/p>\n<p>\u2192 Mise \u00e0 disposition des outils n\u00e9cessaires<\/p>\n<p>\u2192 Le mat\u00e9riel, le tabouret sont fournis et choix de tissu sur place parmi une s\u00e9lection<\/p>\n<p>\u2192 1 s\u00e9ance de 3h30 en petit groupe (4 stagiaires maximum)<\/p>\n<ul>\n<li><strong> Cours de Confection d\u2019Abat-jour: 85 \u20ac<\/strong>au lieu de 90 \u20ac, sur pr\u00e9sentation de la carte Audace<\/li>\n<\/ul>\n<p>\u2192 R\u00e9alisez soit un abat-jour de forme cylindrique ou conique en contrecoll\u00e9 sur tissu soit une lampe sur pieds \u00e0 poser<\/p>\n<p>\u2192 Le mat\u00e9riel est fourni et choix de tissu sur place parmi une s\u00e9lection<\/p>\n<p>\u2192 Cours ouverts \u00e0 tous sans exp\u00e9rience, \u00e0 partir de 15 ans<\/p>\n<p>\u21921 s\u00e9ance de 3h30 en petit groupe (4 stagiaires maximum)<\/p>\n<ul>\n<li><strong> Autres Cours en Tapisserie : demander un devis par mail<\/strong><\/li>\n<\/ul>\n<p><strong>\u00a0<\/strong>\u2192 Cours sur tabouret avec garniture \u00e0 ressorts et finition clous d\u00e9coratifs en 4 s\u00e9ances<\/p>\n<p>\u2192 Cours annuels de tapisserie sur votre propre Fauteuil<\/p>\n<p>Ces remises sur les prestations sont r\u00e9serv\u00e9es <strong>aux adh\u00e9rents d'Audace<\/strong> (carte d\u00e9mat\u00e9rialis\u00e9e disponible dans votre espace).<\/p>\n<p>Pour plus d\u2019informations, consulter l\u2019atelier au <strong>06.16.81.44.22<\/strong> ou <a href=\"https:\/\/www.lesfauteuilsdemaggy.fr\/\" target=\"_blank\" rel=\"noopener\"><strong>www.lesfauteuilsdemaggy.fr<\/strong><\/a><\/p>\n","protected":false},"excerpt":{"rendered":"<p>Cours de tapisserie, de loisirs cr\u00e9atifs et de cr\u00e9ation d&#8217;abat-jour<\/p>\n","protected":false},"featured_media":18586,"template":"","meta":[],"product_cat":[121,83],"product_tag":[],"_links":{"self":[{"href":"https:\/\/www.audace44.fr\/commande\/wp-json\/wp\/v2\/product\/18585"}],"collection":[{"href":"https:\/\/www.audace44.fr\/commande\/wp-json\/wp\/v2\/product"}],"about":[{"href":"https:\/\/www.audace44.fr\/commande\/wp-json\/wp\/v2\/types\/product"}],"wp:featuredmedia":[{"embeddable":true,"href":"https:\/\/www.audace44.fr\/commande\/wp-json\/wp\/v2\/media\/18586"}],"wp:attachment":[{"href":"https:\/\/www.audace44.fr\/commande\/wp-json\/wp\/v2\/media?parent=18585"}],"wp:term":[{"taxonomy":"product_cat","embeddable":true,"href":"https:\/\/www.audace44.fr\/commande\/wp-json\/wp\/v2\/product_cat?post=18585"},{"taxonomy":"product_tag","embeddable":true,"href":"https:\/\/www.audace44.fr\/commande\/wp-json\/wp\/v2\/product_tag?post=18585"}],"curies":[{"name":"wp","href":"https:\/\/api.w.org\/{rel}","templated":true}]}}