{"id":18755,"date":"2026-04-21T09:58:55","date_gmt":"2026-04-21T07:58:55","guid":{"rendered":"https:\/\/www.audace44.fr\/commande\/?post_type=product&#038;p=18755"},"modified":"2026-04-24T12:25:11","modified_gmt":"2026-04-24T10:25:11","slug":"goelia","status":"publish","type":"product","link":"https:\/\/www.audace44.fr\/commande\/produit\/goelia\/","title":{"rendered":"Go\u00e9lia"},"content":{"rendered":"<p>Des remises jusqu\u2019\u00e0 -45% avec votre avantage CSE chez Go\u00e9lia.<\/p>\n<p>********************************************<\/p>\n<p>Avec le code <u>ANNIVGO25<\/u>, b\u00e9n\u00e9ficiez de 10% suppl\u00e9mentaire.<\/p>\n<p>Cette offre se cumule aux remises en cours et \u00e0 l\u2019avantage partenaire.<\/p>\n<p>Tous les s\u00e9jours sup\u00e9rieurs \u00e0 5 nuits sont concern\u00e9s.<\/p>\n<p>**********************************************<\/p>\n<p>Des Parenth\u00e8ses de Bonheur partout en France, \u00e0 la mer, \u00e0 la montagne, \u00e0 la campagne, mais aussi en Espagne, en Italie, au Portugal\u2026<\/p>\n<p>Go\u00e9lia, l\u2019un des principaux leaders des r\u00e9sidences de vacances en France est un sp\u00e9cialiste de la location de r\u00e9sidences de tourisme \u00e0 la montagne, au pied des pistes, en bord de mer et \u00e0 la campagne.<\/p>\n<p>La carte Audace disponible dans votre espace personnel sur ce site sert de justificatif pour obtenir la r\u00e9duction.<\/p>\n<p>Lien direct vers le site d\u00e9di\u00e9:\u00a0<a href=\"https:\/\/www.goelia.com\/fr\/scripts\/connexionpart.php?e=2018066.27e8c3ac2c\" target=\"_blank\" rel=\"noopener\"> ICI\u00a0<\/a><\/p>\n<p>Pour b\u00e9n\u00e9ficier de cette remise, l\u2019adh\u00e9rent devra effectuer sa r\u00e9servation en ligne en utilisant les codes d\u2019acc\u00e8s confidentiels \u00e0 demander \u00e0 AUDACE\u00a0 (\u00e0 saisir sur la page d\u2019accueil du site Goelia, <strong>\u00e0 droite, dans l\u2019acc\u00e8s \u00ab\u00a0partenaires\u00a0\u00bb)\u00a0<\/strong>:<\/p>\n","protected":false},"excerpt":{"rendered":"<p>Des remises jusqu\u2019\u00e0 -45%\u00a0 chez Go\u00e9lia.<\/p>\n<p>&nbsp;<\/p>\n","protected":false},"featured_media":18756,"template":"","meta":[],"product_cat":[117,86],"product_tag":[],"_links":{"self":[{"href":"https:\/\/www.audace44.fr\/commande\/wp-json\/wp\/v2\/product\/18755"}],"collection":[{"href":"https:\/\/www.audace44.fr\/commande\/wp-json\/wp\/v2\/product"}],"about":[{"href":"https:\/\/www.audace44.fr\/commande\/wp-json\/wp\/v2\/types\/product"}],"wp:featuredmedia":[{"embeddable":true,"href":"https:\/\/www.audace44.fr\/commande\/wp-json\/wp\/v2\/media\/18756"}],"wp:attachment":[{"href":"https:\/\/www.audace44.fr\/commande\/wp-json\/wp\/v2\/media?parent=18755"}],"wp:term":[{"taxonomy":"product_cat","embeddable":true,"href":"https:\/\/www.audace44.fr\/commande\/wp-json\/wp\/v2\/product_cat?post=18755"},{"taxonomy":"product_tag","embeddable":true,"href":"https:\/\/www.audace44.fr\/commande\/wp-json\/wp\/v2\/product_tag?post=18755"}],"curies":[{"name":"wp","href":"https:\/\/api.w.org\/{rel}","templated":true}]}}