{"id":5841,"date":"2025-07-02T17:15:42","date_gmt":"2025-07-02T15:15:42","guid":{"rendered":"https:\/\/amandineledu.art\/commande\/?post_type=product&#038;p=5841"},"modified":"2025-11-28T15:02:34","modified_gmt":"2025-11-28T14:02:34","slug":"disney-promo","status":"publish","type":"product","link":"https:\/\/www.audace44.fr\/commande\/produit\/disney-promo\/","title":{"rendered":"Disneyland Paris"},"content":{"rendered":"<p><strong>Nouveau, billets dat\u00e9s adultes et enfants ! <\/strong><\/p>\n<p><strong>Les billets dat\u00e9s peuvent \u00eatre moins chers que les billets Flex, si vous connaissez vos dates de visite demandez nous un devis! <\/strong><\/p>\n<p>******************************************************<\/p>\n<p><strong>Tarif FLEX (valable toute l'ann\u00e9e)<\/strong> tarif unique adulte enfant .<\/p>\n<p>1J\/1parc 99 \u20ac\u00a0 1J\/2 parcs 134 \u20ac<\/p>\n<p>Billets non dat\u00e9s, mais obligation de faire une r\u00e9servation de date J-2 jours avant visite (une fois vos billets achet\u00e9s).<\/p>\n<p><strong>Tarif ECO \u00e0 certaines dates de l'ann\u00e9e (<a href=\"https:\/\/media.disneylandparis.com\/d4th\/cie\/fr-fr\/images\/DisneylandParis_CSE_FY25_BilletsEco_Calendrier_ServiceGroupes_MajJan25.jpg\" target=\"_blank\" rel=\"noopener\">voir calendrier<\/a>).<\/strong><\/p>\n<p>1J\/1parc 62 \u20ac\u00a0 1J\/2parcs 97 \u20ac<\/p>\n<p>Billets non dat\u00e9s mais qui ne sont valables qu'\u00e0 certaines dates. <a href=\"https:\/\/media.disneylandparis.com\/d4th\/cie\/fr-fr\/images\/DisneylandParis_CSE_FY25_BilletsEco_Calendrier_ServiceGroupes_MajJan25.jpg\" target=\"_blank\" rel=\"noopener\">Voir calendrier ICI<\/a><\/p>\n<p>Billets non dat\u00e9s, mais obligation de faire une r\u00e9servation de date avant visite (une fois vos billets achet\u00e9s).<\/p>\n<p>D\u00e9couvrez l'univers Disney <a href=\"https:\/\/www.disneylandparis.com\/fr-fr\/destinations\/parc-disneyland\/\">en cliquant ICI<\/a><\/p>\n","protected":false},"excerpt":{"rendered":"<p>Disneyland Paris.<\/p>\n<p>Parcs Disney \u00e0 Marne La Vall\u00e9e.<\/p>\n","protected":false},"featured_media":17661,"template":"","meta":[],"product_cat":[82,68],"product_tag":[74],"_links":{"self":[{"href":"https:\/\/www.audace44.fr\/commande\/wp-json\/wp\/v2\/product\/5841"}],"collection":[{"href":"https:\/\/www.audace44.fr\/commande\/wp-json\/wp\/v2\/product"}],"about":[{"href":"https:\/\/www.audace44.fr\/commande\/wp-json\/wp\/v2\/types\/product"}],"wp:featuredmedia":[{"embeddable":true,"href":"https:\/\/www.audace44.fr\/commande\/wp-json\/wp\/v2\/media\/17661"}],"wp:attachment":[{"href":"https:\/\/www.audace44.fr\/commande\/wp-json\/wp\/v2\/media?parent=5841"}],"wp:term":[{"taxonomy":"product_cat","embeddable":true,"href":"https:\/\/www.audace44.fr\/commande\/wp-json\/wp\/v2\/product_cat?post=5841"},{"taxonomy":"product_tag","embeddable":true,"href":"https:\/\/www.audace44.fr\/commande\/wp-json\/wp\/v2\/product_tag?post=5841"}],"curies":[{"name":"wp","href":"https:\/\/api.w.org\/{rel}","templated":true}]}}