{"id":6681,"date":"2020-07-21T19:26:03","date_gmt":"2020-07-21T17:26:03","guid":{"rendered":"https:\/\/amandineledu.art\/commande\/?post_type=product&#038;p=6681"},"modified":"2026-04-21T09:51:34","modified_gmt":"2026-04-21T07:51:34","slug":"feeling-forest","status":"publish","type":"product","link":"https:\/\/www.audace44.fr\/commande\/produit\/feeling-forest\/","title":{"rendered":"Feeling Forest"},"content":{"rendered":"<p><strong>UN PARC DE LOISIRS, D'AVENTURE ET D'ATTRACTION ACCROBRANCHE<\/strong><\/p>\n<p>Des activit\u00e9s pour tous les \u00e2ges et toutes les occasions au c\u0153ur de la for\u00eat des Pays de Monts et \u00e0 proximit\u00e9 des plages !<\/p>\n<p>D\u00e9couvrez ce partenaire <a href=\"https:\/\/www.feelingforest.com\/\">en cliquant ICI !<\/a><\/p>\n<p>Prix en pr\u00e9sentant votre carte Audace au guichet:<\/p>\n<p>3\/5 ans <strong>9 \u20ac<\/strong> au lieu de 11\u20ac<\/p>\n<p>6 ans <strong>12 \u20ac<\/strong> au lieu de 14\u20ac<\/p>\n<p>7\/8 ans <strong>13 \u20ac<\/strong> au lieu de 15\u20ac<\/p>\n<p>9\/13 ans <strong>15 \u20ac<\/strong> au lieu de 17\u20ac<\/p>\n<p>14 ans et adultes <strong>19 \u20ac<\/strong> au lieu de 21\u20ac<\/p>\n<p>La carte Audace servant de justificatif est \u00e0 t\u00e9l\u00e9charger dans votre espace personnel sur ce site.<\/p>\n","protected":false},"excerpt":{"rendered":"<p>FEELING FOREST<br \/>\nTarif pr\u00e9f\u00e9rentiel sur pr\u00e9sentation de la carte Audace<\/p>\n<p>Saint Hilaire de Riez<\/p>\n","protected":false},"featured_media":6682,"template":"","meta":[],"product_cat":[82,87],"product_tag":[98],"_links":{"self":[{"href":"https:\/\/www.audace44.fr\/commande\/wp-json\/wp\/v2\/product\/6681"}],"collection":[{"href":"https:\/\/www.audace44.fr\/commande\/wp-json\/wp\/v2\/product"}],"about":[{"href":"https:\/\/www.audace44.fr\/commande\/wp-json\/wp\/v2\/types\/product"}],"wp:featuredmedia":[{"embeddable":true,"href":"https:\/\/www.audace44.fr\/commande\/wp-json\/wp\/v2\/media\/6682"}],"wp:attachment":[{"href":"https:\/\/www.audace44.fr\/commande\/wp-json\/wp\/v2\/media?parent=6681"}],"wp:term":[{"taxonomy":"product_cat","embeddable":true,"href":"https:\/\/www.audace44.fr\/commande\/wp-json\/wp\/v2\/product_cat?post=6681"},{"taxonomy":"product_tag","embeddable":true,"href":"https:\/\/www.audace44.fr\/commande\/wp-json\/wp\/v2\/product_tag?post=6681"}],"curies":[{"name":"wp","href":"https:\/\/api.w.org\/{rel}","templated":true}]}}