{"id":6718,"date":"2020-07-21T20:22:30","date_gmt":"2020-07-21T18:22:30","guid":{"rendered":"https:\/\/amandineledu.art\/commande\/?post_type=product&#038;p=6718"},"modified":"2026-03-24T16:16:44","modified_gmt":"2026-03-24T15:16:44","slug":"atlantic-toboggan","status":"publish","type":"product","link":"https:\/\/www.audace44.fr\/commande\/produit\/atlantic-toboggan\/","title":{"rendered":"Atlantic Toboggan"},"content":{"rendered":"<p>ATLANTIC TOBOGGAN - St Hilaire de Riez (85)<br \/>\nBillet tout public<br \/>\nPrix Audace : 21\u20ac<\/p>\n<p>Pour info, tarif public adulte 29 \u20ac et tarif 3-11 ans 23 \u20ac<\/p>\n<p>Nouveau !!!!\u00a0 billets t\u00e9l\u00e9chargeables (choisir un billet avec un num\u00e9ro, expl N1) ou envoy\u00e9s par mail (les jours d'ouverture d'Audace)<\/p>\n<p>Gratuit pour les moins de 3 ans.<\/p>\n<p>Ouverture fin\u00a0 juin \u00e0 fin ao\u00fbt de 10h30 \u00e0 19h00<\/p>\n<p>D\u00e9couvrez notre partenaire <a href=\"https:\/\/www.atlantic-toboggan.com\/\">en cliquant ici.<\/a><\/p>\n","protected":false},"excerpt":{"rendered":"<p>ATLANTIC TOBOGGAN<br \/>\nBillet tout public<br \/>\nPrix Audace : 21\u20ac<\/p>\n","protected":false},"featured_media":8248,"template":"","meta":[],"product_cat":[71,82,89],"product_tag":[73,74,124],"_links":{"self":[{"href":"https:\/\/www.audace44.fr\/commande\/wp-json\/wp\/v2\/product\/6718"}],"collection":[{"href":"https:\/\/www.audace44.fr\/commande\/wp-json\/wp\/v2\/product"}],"about":[{"href":"https:\/\/www.audace44.fr\/commande\/wp-json\/wp\/v2\/types\/product"}],"wp:featuredmedia":[{"embeddable":true,"href":"https:\/\/www.audace44.fr\/commande\/wp-json\/wp\/v2\/media\/8248"}],"wp:attachment":[{"href":"https:\/\/www.audace44.fr\/commande\/wp-json\/wp\/v2\/media?parent=6718"}],"wp:term":[{"taxonomy":"product_cat","embeddable":true,"href":"https:\/\/www.audace44.fr\/commande\/wp-json\/wp\/v2\/product_cat?post=6718"},{"taxonomy":"product_tag","embeddable":true,"href":"https:\/\/www.audace44.fr\/commande\/wp-json\/wp\/v2\/product_tag?post=6718"}],"curies":[{"name":"wp","href":"https:\/\/api.w.org\/{rel}","templated":true}]}}