{"id":6727,"date":"2020-07-27T15:53:58","date_gmt":"2020-07-27T13:53:58","guid":{"rendered":"https:\/\/amandineledu.art\/commande\/?post_type=product&#038;p=6727"},"modified":"2025-07-22T12:11:30","modified_gmt":"2025-07-22T10:11:30","slug":"ogliss-park","status":"publish","type":"product","link":"https:\/\/www.audace44.fr\/commande\/produit\/ogliss-park\/","title":{"rendered":"O&#8217;Gliss Park"},"content":{"rendered":"<p>A seulement quelques minutes des plages vend\u00e9ennes, O'GLISS PARK est un\u00a0<strong>parc aquatique<\/strong>\u00a0situ\u00e9 au c\u0153ur d'une oasis de d\u00e9tente. Id\u00e9al pour se \u00ab\u00a0la couler douce\u00a0\u00bb ou pour vivres des sensations fortes\u00a0durant une journ\u00e9e enti\u00e8re, vous allez d\u00e9couvrir des univers et des ambiances qui sauront vous apporter tout ce que vous recherchez ...<\/p>\n<p><strong>Sensations<\/strong>, tranquillit\u00e9,\u00a0<strong>d\u00e9tente<\/strong>, moments en famille...<\/p>\n<p>Ou tout simplement un bon rafraichissement...<\/p>\n<p>e-billets envoy\u00e9s les jours d'ouverture d'Audace uniquement<br \/>\nBillet non dat\u00e9 - ATTENTION! - Le billet devra \u00eatre dat\u00e9 par le client AVANT sa venue sur site, maximum 24h avant sa venue, sur r\u00e9serve de disponibilit\u00e9<\/p>\n<p>Valable uniquement sur la saison 2025<\/p>\n<p>Possibilit\u00e9 de r\u00e9server pour le jour de votre visite un casier de 50 L pour 5 \u20ac<\/p>\n","protected":false},"excerpt":{"rendered":"<p>Billet non dat\u00e9<\/p>\n<p>Valable uniquement sur la saison 2025<\/p>\n<p>&nbsp;<\/p>\n","protected":false},"featured_media":6728,"template":"","meta":[],"product_cat":[82,89],"product_tag":[74],"_links":{"self":[{"href":"https:\/\/www.audace44.fr\/commande\/wp-json\/wp\/v2\/product\/6727"}],"collection":[{"href":"https:\/\/www.audace44.fr\/commande\/wp-json\/wp\/v2\/product"}],"about":[{"href":"https:\/\/www.audace44.fr\/commande\/wp-json\/wp\/v2\/types\/product"}],"wp:featuredmedia":[{"embeddable":true,"href":"https:\/\/www.audace44.fr\/commande\/wp-json\/wp\/v2\/media\/6728"}],"wp:attachment":[{"href":"https:\/\/www.audace44.fr\/commande\/wp-json\/wp\/v2\/media?parent=6727"}],"wp:term":[{"taxonomy":"product_cat","embeddable":true,"href":"https:\/\/www.audace44.fr\/commande\/wp-json\/wp\/v2\/product_cat?post=6727"},{"taxonomy":"product_tag","embeddable":true,"href":"https:\/\/www.audace44.fr\/commande\/wp-json\/wp\/v2\/product_tag?post=6727"}],"curies":[{"name":"wp","href":"https:\/\/api.w.org\/{rel}","templated":true}]}}