{"id":6746,"date":"2026-03-22T09:34:16","date_gmt":"2026-03-22T08:34:16","guid":{"rendered":"https:\/\/amandineledu.art\/commande\/?post_type=product&#038;p=6746"},"modified":"2026-04-28T11:25:52","modified_gmt":"2026-04-28T09:25:52","slug":"futuroscope","status":"publish","type":"product","link":"https:\/\/www.audace44.fr\/commande\/produit\/futuroscope\/","title":{"rendered":"Futuroscope"},"content":{"rendered":"<p>Futuroscope, gratuit - 5 ans\u00a0 \u00a0 \u00a0Tarif unique adulte\/enfant.<\/p>\n<p><strong>PROMO p\u00e9riode<\/strong>- pour une visite du 25 mai au 12 juillet 2026 37 \u20ac- \u00e0<strong> commander avant le 07\/05\/26 - <\/strong>envoy\u00e9s par mail les jours d'ouverture<\/p>\n<p>Au choix, ebillet envoy\u00e9s par mail ou <strong>E-billets t\u00e9l\u00e9chargeable uniquement apr\u00e8s validation du paiement CB (en fonction du stock disponible)<\/strong> .<\/p>\n<p>Les billets t\u00e9l\u00e9chargeables sont soit en lot de 2 soit \u00e0 l'unit\u00e9 (choisir un billet avec un num\u00e9ro, expl \"1 billet t\u00e9l\u00e9 159\").<\/p>\n<p>E-Billets non dat\u00e9s, la date limite de validit\u00e9 est indiqu\u00e9e en commentaire sur l'article.<\/p>\n<p>Les billets \u00e0 48 \u20ac sont valables jusqu'au 29\/08\/26<\/p>\n<p><strong>NOUVEAU retrouvez \u00e9galement les billets pour l'aquascope sur notre site (billet obligatoirement dat\u00e9)!<\/strong><\/p>\n<p>&nbsp;<\/p>\n","protected":false},"excerpt":{"rendered":"<p>Futuroscope<\/p>\n<p>ebillets et t\u00e9l\u00e9chargement<\/p>\n<p>&nbsp;<\/p>\n","protected":false},"featured_media":8213,"template":"","meta":[],"product_cat":[82,68,89],"product_tag":[74,124],"_links":{"self":[{"href":"https:\/\/www.audace44.fr\/commande\/wp-json\/wp\/v2\/product\/6746"}],"collection":[{"href":"https:\/\/www.audace44.fr\/commande\/wp-json\/wp\/v2\/product"}],"about":[{"href":"https:\/\/www.audace44.fr\/commande\/wp-json\/wp\/v2\/types\/product"}],"wp:featuredmedia":[{"embeddable":true,"href":"https:\/\/www.audace44.fr\/commande\/wp-json\/wp\/v2\/media\/8213"}],"wp:attachment":[{"href":"https:\/\/www.audace44.fr\/commande\/wp-json\/wp\/v2\/media?parent=6746"}],"wp:term":[{"taxonomy":"product_cat","embeddable":true,"href":"https:\/\/www.audace44.fr\/commande\/wp-json\/wp\/v2\/product_cat?post=6746"},{"taxonomy":"product_tag","embeddable":true,"href":"https:\/\/www.audace44.fr\/commande\/wp-json\/wp\/v2\/product_tag?post=6746"}],"curies":[{"name":"wp","href":"https:\/\/api.w.org\/{rel}","templated":true}]}}