{"id":6752,"date":"2024-09-27T17:51:30","date_gmt":"2024-09-27T15:51:30","guid":{"rendered":"https:\/\/amandineledu.art\/commande\/?post_type=product&#038;p=6752"},"modified":"2026-04-20T15:20:20","modified_gmt":"2026-04-20T13:20:20","slug":"puy-du-fou","status":"publish","type":"product","link":"https:\/\/www.audace44.fr\/commande\/produit\/puy-du-fou\/","title":{"rendered":"Puy du Fou parc"},"content":{"rendered":"<p><strong>Ouverture des ventes 2026 \u00e0 partir du 7 octobre ! Afin de garantir les places pour la cin\u00e9sc\u00e9nie et les s\u00e9jours nous vous invitons \u00e0 nous pr\u00e9venir au plus t\u00f4t de toute demande concernant les r\u00e9servations 2026.<\/strong><\/p>\n<p>E-billets envoy\u00e9s par mail.<\/p>\n<p>Billets <strong>dat\u00e9s<\/strong> pour 1, 2 ou 3 jours. Nous avons la possibilit\u00e9s de billets non dat\u00e9s mais \u00e0 un tarif sup\u00e9rieur, nous contacter.<\/p>\n<p><strong>Les billets offre sp\u00e9ciale<\/strong> sont valables uniquement certains jours (<a href=\"https:\/\/www.puydufou.com\/france\/fr\/calendrier-horaires\" target=\"_blank\" rel=\"noopener\">voir calendrier du Puy du Fou<\/a>), pour une visite<strong> dat\u00e9e<\/strong> et un billet command\u00e9 72h \u00e0 l'avance.<br \/>\nOffre \u00e9galement valable sur 2 jours si le premier jour est une date jaune.<\/p>\n<p>Possibilit\u00e9 de b\u00e9n\u00e9ficier de -3 \u00e0 4 \u20ac sur les repas en nous pr\u00e9cisant avant votre commande les restaurants choisis, nous contacter pour un devis.<\/p>\n<p style=\"text-align: justify; line-height: 125%;\"><span style=\"font-size: 11.5pt; line-height: 125%; font-family: 'Arial',sans-serif; color: #444444;\">Nous vous rappelons que les <b>billets et s\u00e9jours<\/b> r\u00e9serv\u00e9s sont <b>dat\u00e9s<\/b>, c'est \u00e0 dire <b>valables uniquement aux dates de visite r\u00e9serv\u00e9es. <\/b><\/span><\/p>\n<p style=\"text-align: justify; line-height: 125%;\"><span style=\"font-size: 11.5pt; line-height: 125%; font-family: 'Arial',sans-serif; color: #444444;\">Pour les billets Puy du Fou 2, 3 ou 4 jours, les jours de visite sont cons\u00e9cutifs.<\/span><\/p>\n<p>Enfants de -\u00a0 3 ans gratuit.<\/p>\n<p>Nous avons la possibilit\u00e9 de r\u00e9server \u00e0 prix avantageux des s\u00e9jours, nous contacter pour un devis sur des dates donn\u00e9es.<\/p>\n<p><em><strong>Important:<\/strong><\/em> Les billets du Puy du Fou doivent \u00eatre achet\u00e9s <strong>au moins 4 jours ouvr\u00e9s<\/strong> avant la visite et vous devez avoir une date de visite \u00e0 nous communiquer en m\u00eame temps que la commande.<\/p>\n<p>Le billet inclus le spectacle nocturne mais pas la Cin\u00e9sc\u00e9nie (billets dat\u00e9s propos\u00e9s s\u00e9par\u00e9ment par Audace). Pour la <a href=\"https:\/\/www.audace44.fr\/commande\/produit\/puy-du-fou-cinescenie\/\" target=\"_blank\" rel=\"noopener\">Cin\u00e9sc\u00e9nie cliquez ICI<\/a><\/p>\n<p>D\u00e9couvrez le parc et pr\u00e9parez votre visite en <a href=\"https:\/\/www.puydufou.com\/france\/fr\">cliquant ICI<\/a><\/p>\n","protected":false},"excerpt":{"rendered":"<p>e-billets dat\u00e9s envoy\u00e9s par mail<\/p>\n<p>1, 2 ou 3 jours<\/p>\n<p>Important: Les billets du Puy du Fou doivent \u00eatre achet\u00e9s au moins 4 jours ouvr\u00e9s avant la visite.<\/p>\n","protected":false},"featured_media":18269,"template":"","meta":[],"product_cat":[82,68],"product_tag":[74],"_links":{"self":[{"href":"https:\/\/www.audace44.fr\/commande\/wp-json\/wp\/v2\/product\/6752"}],"collection":[{"href":"https:\/\/www.audace44.fr\/commande\/wp-json\/wp\/v2\/product"}],"about":[{"href":"https:\/\/www.audace44.fr\/commande\/wp-json\/wp\/v2\/types\/product"}],"wp:featuredmedia":[{"embeddable":true,"href":"https:\/\/www.audace44.fr\/commande\/wp-json\/wp\/v2\/media\/18269"}],"wp:attachment":[{"href":"https:\/\/www.audace44.fr\/commande\/wp-json\/wp\/v2\/media?parent=6752"}],"wp:term":[{"taxonomy":"product_cat","embeddable":true,"href":"https:\/\/www.audace44.fr\/commande\/wp-json\/wp\/v2\/product_cat?post=6752"},{"taxonomy":"product_tag","embeddable":true,"href":"https:\/\/www.audace44.fr\/commande\/wp-json\/wp\/v2\/product_tag?post=6752"}],"curies":[{"name":"wp","href":"https:\/\/api.w.org\/{rel}","templated":true}]}}