{"id":6764,"date":"2020-07-27T18:10:16","date_gmt":"2020-07-27T16:10:16","guid":{"rendered":"https:\/\/amandineledu.art\/commande\/?post_type=product&#038;p=6764"},"modified":"2025-04-02T21:48:06","modified_gmt":"2025-04-02T19:48:06","slug":"europa-park","status":"publish","type":"product","link":"https:\/\/www.audace44.fr\/commande\/produit\/europa-park\/","title":{"rendered":"Europa Park"},"content":{"rendered":"<p>Parc d'attractions \u00e0 la fronti\u00e8re allemande.<\/p>\n<p>D\u00e9couvrez le site de notre partenaire en<a href=\"https:\/\/www.europapark.de\/fr\"> cliquant ICI<\/a><\/p>\n<p>Les billets d'entr\u00e9e non-dat\u00e9s doivent obligatoirement \u00eatre convertis en billets d'entr\u00e9e dat\u00e9s sur le site Internet : tickets.europapark.de<br \/>\nLe num\u00e9ro de votre billet doit \u00eatre saisi et la date de visite souhait\u00e9e doit ensuite \u00eatre s\u00e9lectionn\u00e9e. Ce billet qui \u00e9tait jusqu'\u00e0 pr\u00e9sent non-dat\u00e9 est d\u00e9sormais r\u00e9pertori\u00e9 pour le jour de visite souhait\u00e9, et ne sera utilisable que ce jour-l\u00e0. Le jour de la visite, en plus du billet, il faudra pr\u00e9senter l'e-mail automatique de confirmation de la date de visite.<\/p>\n<p>&nbsp;<\/p>\n","protected":false},"excerpt":{"rendered":"<p>EUROPA PARK<br \/>\nE-Billet tout public<\/p>\n<p>Disponible sous 48h apr\u00e8s paiement<\/p>\n","protected":false},"featured_media":6765,"template":"","meta":[],"product_cat":[82,68],"product_tag":[74],"_links":{"self":[{"href":"https:\/\/www.audace44.fr\/commande\/wp-json\/wp\/v2\/product\/6764"}],"collection":[{"href":"https:\/\/www.audace44.fr\/commande\/wp-json\/wp\/v2\/product"}],"about":[{"href":"https:\/\/www.audace44.fr\/commande\/wp-json\/wp\/v2\/types\/product"}],"wp:featuredmedia":[{"embeddable":true,"href":"https:\/\/www.audace44.fr\/commande\/wp-json\/wp\/v2\/media\/6765"}],"wp:attachment":[{"href":"https:\/\/www.audace44.fr\/commande\/wp-json\/wp\/v2\/media?parent=6764"}],"wp:term":[{"taxonomy":"product_cat","embeddable":true,"href":"https:\/\/www.audace44.fr\/commande\/wp-json\/wp\/v2\/product_cat?post=6764"},{"taxonomy":"product_tag","embeddable":true,"href":"https:\/\/www.audace44.fr\/commande\/wp-json\/wp\/v2\/product_tag?post=6764"}],"curies":[{"name":"wp","href":"https:\/\/api.w.org\/{rel}","templated":true}]}}