{"id":6766,"date":"2020-07-27T18:41:37","date_gmt":"2020-07-27T16:41:37","guid":{"rendered":"https:\/\/amandineledu.art\/commande\/?post_type=product&#038;p=6766"},"modified":"2024-02-16T15:39:12","modified_gmt":"2024-02-16T14:39:12","slug":"port-aventura","status":"publish","type":"product","link":"https:\/\/www.audace44.fr\/commande\/produit\/port-aventura\/","title":{"rendered":"Port Aventura"},"content":{"rendered":"<p>Pour toutes informations ou r\u00e9servations nous contacter car il existe de nombreuses formules en fonction de la partie du parc visit\u00e9e et de la p\u00e9riode de la visite.<\/p>\n<p>Plusieurs parcs, plusieurs tarifs en fonction des saisons.<\/p>\n<p><a href=\"contact@audace44.fr\">Contactez-nous ICI<\/a><\/p>\n<p>D\u00e9couvrez le parc en <a href=\"https:\/\/www.portaventuraworld.com\/fr\">cliquant ICI.<\/a><\/p>\n<p>Exemple: Billet Flex adulte Portaventura seul: 51 \u20ac au lieu de 65 \u20ac<\/p>\n<p>Mais il existe la formule incluant le Ferrariland<\/p>\n","protected":false},"excerpt":{"rendered":"<p>Pour toutes informations ou r\u00e9servations nous contacter car il existe de nombreuses formules en fonction de la partie du parc visit\u00e9e.<\/p>\n","protected":false},"featured_media":8233,"template":"","meta":[],"product_cat":[82,68],"product_tag":[74],"_links":{"self":[{"href":"https:\/\/www.audace44.fr\/commande\/wp-json\/wp\/v2\/product\/6766"}],"collection":[{"href":"https:\/\/www.audace44.fr\/commande\/wp-json\/wp\/v2\/product"}],"about":[{"href":"https:\/\/www.audace44.fr\/commande\/wp-json\/wp\/v2\/types\/product"}],"wp:featuredmedia":[{"embeddable":true,"href":"https:\/\/www.audace44.fr\/commande\/wp-json\/wp\/v2\/media\/8233"}],"wp:attachment":[{"href":"https:\/\/www.audace44.fr\/commande\/wp-json\/wp\/v2\/media?parent=6766"}],"wp:term":[{"taxonomy":"product_cat","embeddable":true,"href":"https:\/\/www.audace44.fr\/commande\/wp-json\/wp\/v2\/product_cat?post=6766"},{"taxonomy":"product_tag","embeddable":true,"href":"https:\/\/www.audace44.fr\/commande\/wp-json\/wp\/v2\/product_tag?post=6766"}],"curies":[{"name":"wp","href":"https:\/\/api.w.org\/{rel}","templated":true}]}}