{"id":6770,"date":"2025-07-27T18:46:32","date_gmt":"2025-07-27T16:46:32","guid":{"rendered":"https:\/\/amandineledu.art\/commande\/?post_type=product&#038;p=6770"},"modified":"2026-02-26T10:32:37","modified_gmt":"2026-02-26T09:32:37","slug":"walibi-sud-ouest","status":"publish","type":"product","link":"https:\/\/www.audace44.fr\/commande\/produit\/walibi-sud-ouest\/","title":{"rendered":"Walygator Sud Ouest- Agen"},"content":{"rendered":"<p>Walygator \u00e0 Roquefort parc d'attractions et parc aquatique<\/p>\n<p>ebillet tarif unique \u00e0 partir de 4 ans. Non dat\u00e9<\/p>\n<p>E-billets disponibles en 72h (jours ouvr\u00e9s d'ouverture Audace)<\/p>\n<p><strong>Deux formules au choix<\/strong>: 1 billet pour un seul parc (a choisir au moment de la visite) ou 1 billet=2 parcs (Billet donnant acc\u00e8s au parc d'attraction et au parc aquatique sur 2 journ\u00e9es cons\u00e9cutives ou non (jamais 2 fois sur le m\u00eame parc)<\/p>\n<p>Billet non dat\u00e9 - Dates de visites flexibles - Visites cons\u00e9cutives ou pas mais jamais 2 visites sur le m\u00eame parc.<\/p>\n<p>&nbsp;<\/p>\n","protected":false},"excerpt":{"rendered":"<p>Walygator Sud Ouest et Aqualand<br \/>\nE-Billet tout public \u00e0 partir de 4 ans<br \/>\nSur commande uniquement<br \/>\nDisponible sous 72h<\/p>\n","protected":false},"featured_media":16131,"template":"","meta":[],"product_cat":[82,68,88,89],"product_tag":[74],"_links":{"self":[{"href":"https:\/\/www.audace44.fr\/commande\/wp-json\/wp\/v2\/product\/6770"}],"collection":[{"href":"https:\/\/www.audace44.fr\/commande\/wp-json\/wp\/v2\/product"}],"about":[{"href":"https:\/\/www.audace44.fr\/commande\/wp-json\/wp\/v2\/types\/product"}],"wp:featuredmedia":[{"embeddable":true,"href":"https:\/\/www.audace44.fr\/commande\/wp-json\/wp\/v2\/media\/16131"}],"wp:attachment":[{"href":"https:\/\/www.audace44.fr\/commande\/wp-json\/wp\/v2\/media?parent=6770"}],"wp:term":[{"taxonomy":"product_cat","embeddable":true,"href":"https:\/\/www.audace44.fr\/commande\/wp-json\/wp\/v2\/product_cat?post=6770"},{"taxonomy":"product_tag","embeddable":true,"href":"https:\/\/www.audace44.fr\/commande\/wp-json\/wp\/v2\/product_tag?post=6770"}],"curies":[{"name":"wp","href":"https:\/\/api.w.org\/{rel}","templated":true}]}}