{"id":6774,"date":"2022-09-06T19:00:33","date_gmt":"2022-09-06T17:00:33","guid":{"rendered":"https:\/\/amandineledu.art\/commande\/?post_type=product&#038;p=6774"},"modified":"2025-03-14T14:48:51","modified_gmt":"2025-03-14T13:48:51","slug":"cobac-parc-aquafun","status":"publish","type":"product","link":"https:\/\/www.audace44.fr\/commande\/produit\/cobac-parc-aquafun\/","title":{"rendered":"Cobac Parc + Aquafun"},"content":{"rendered":"<p>Cobac parc est un parc de loisirs avec 40 attractions pour toute la famille dont un parc aquatique in\u00e9dit en Ille et Vilaine.<\/p>\n<p>Des espaces de restauration et de pique-nique.<\/p>\n<p>Entr\u00e9e gratuite pour les enfants de moins de 1m.<\/p>\n<p>Billet donnant acc\u00e8s au Cobac parc et\/ou \u00e0 l'Aquafun.<\/p>\n<p>D\u00e9couvrez les horaires et conditions d'accueil de ce parc <a href=\"https:\/\/www.cobac-parc.com\/\">en cliquant Ici.<\/a><\/p>\n","protected":false},"excerpt":{"rendered":"<p>Billet donnant acc\u00e8s au Cobac parc et\/ou \u00e0 l&#8217;Aquafun<\/p>\n<p>Situ\u00e9 \u00e0 Lanh\u00e9lin (entre Rennes et St Malo)<\/p>\n","protected":false},"featured_media":6872,"template":"","meta":[],"product_cat":[82,88,89],"product_tag":[73],"_links":{"self":[{"href":"https:\/\/www.audace44.fr\/commande\/wp-json\/wp\/v2\/product\/6774"}],"collection":[{"href":"https:\/\/www.audace44.fr\/commande\/wp-json\/wp\/v2\/product"}],"about":[{"href":"https:\/\/www.audace44.fr\/commande\/wp-json\/wp\/v2\/types\/product"}],"wp:featuredmedia":[{"embeddable":true,"href":"https:\/\/www.audace44.fr\/commande\/wp-json\/wp\/v2\/media\/6872"}],"wp:attachment":[{"href":"https:\/\/www.audace44.fr\/commande\/wp-json\/wp\/v2\/media?parent=6774"}],"wp:term":[{"taxonomy":"product_cat","embeddable":true,"href":"https:\/\/www.audace44.fr\/commande\/wp-json\/wp\/v2\/product_cat?post=6774"},{"taxonomy":"product_tag","embeddable":true,"href":"https:\/\/www.audace44.fr\/commande\/wp-json\/wp\/v2\/product_tag?post=6774"}],"curies":[{"name":"wp","href":"https:\/\/api.w.org\/{rel}","templated":true}]}}