{"id":6777,"date":"2020-07-27T19:02:58","date_gmt":"2020-07-27T17:02:58","guid":{"rendered":"https:\/\/amandineledu.art\/commande\/?post_type=product&#038;p=6777"},"modified":"2026-04-23T09:38:36","modified_gmt":"2026-04-23T07:38:36","slug":"kingoland","status":"publish","type":"product","link":"https:\/\/www.audace44.fr\/commande\/produit\/kingoland\/","title":{"rendered":"Kingoland"},"content":{"rendered":"<p>Parc d'attractions au c\u0153ur du Morbihan \u00e0 Plumelin Locmin\u00e9.<\/p>\n<p>Plus de 40 attractions pour toute la famille !<\/p>\n<p>Nouveau tarif 2025-2026 21 \u20ac, il en reste en stock - Ensuite 22,50 \u20ac<\/p>\n<p>D\u00e9couvrez ce parc pour toute la famille <a href=\"https:\/\/www.kingoland.com\/\">en cliquant ICI!<\/a><\/p>\n<p>Gratuit pour les moins de 1m.<\/p>\n<p>Ebillets envoy\u00e9s par mail les jours d'ouverture d'Audace ou<strong> billet t\u00e9l\u00e9chargeable apr\u00e8s paiement CB valid\u00e9 (choisir un num\u00e9ro par billet expl \"t\u00e9l\u00e9chargeable 1210\").<\/strong><\/p>\n<p>Validit\u00e9 de 2 saisons.<\/p>\n<p>&nbsp;<\/p>\n","protected":false},"excerpt":{"rendered":"<p>KINGOLAND Plumelin (56)<\/p>\n<p>eBillet tout public<\/p>\n","protected":false},"featured_media":18529,"template":"","meta":[],"product_cat":[82,68,88],"product_tag":[74,124],"_links":{"self":[{"href":"https:\/\/www.audace44.fr\/commande\/wp-json\/wp\/v2\/product\/6777"}],"collection":[{"href":"https:\/\/www.audace44.fr\/commande\/wp-json\/wp\/v2\/product"}],"about":[{"href":"https:\/\/www.audace44.fr\/commande\/wp-json\/wp\/v2\/types\/product"}],"wp:featuredmedia":[{"embeddable":true,"href":"https:\/\/www.audace44.fr\/commande\/wp-json\/wp\/v2\/media\/18529"}],"wp:attachment":[{"href":"https:\/\/www.audace44.fr\/commande\/wp-json\/wp\/v2\/media?parent=6777"}],"wp:term":[{"taxonomy":"product_cat","embeddable":true,"href":"https:\/\/www.audace44.fr\/commande\/wp-json\/wp\/v2\/product_cat?post=6777"},{"taxonomy":"product_tag","embeddable":true,"href":"https:\/\/www.audace44.fr\/commande\/wp-json\/wp\/v2\/product_tag?post=6777"}],"curies":[{"name":"wp","href":"https:\/\/api.w.org\/{rel}","templated":true}]}}