{"id":6778,"date":"2025-05-21T09:04:28","date_gmt":"2025-05-21T07:04:28","guid":{"rendered":"https:\/\/amandineledu.art\/commande\/?post_type=product&#038;p=6778"},"modified":"2026-04-09T13:52:55","modified_gmt":"2026-04-09T11:52:55","slug":"parc-des-naudieres","status":"publish","type":"product","link":"https:\/\/www.audace44.fr\/commande\/produit\/parc-des-naudieres\/","title":{"rendered":"Parc des Naudi\u00e8res"},"content":{"rendered":"<p>NOUVEAU e-billets t\u00e9l\u00e9chargeables\u00a0 !<\/p>\n<p>Ouverture compl\u00e8te du 04\/04 au 01\/11\/26.<\/p>\n<p>************************************************************************<\/p>\n<p>Le parc d\u2019attractions historique des Naudi\u00e8res<strong>, situ\u00e9 \u00e0 Sautron (44480) \u00e0 moins de 10 minutes de Nantes<\/strong>, continue \u00e0 faire peau neuve pour cette nouvelle saison 2024.<\/p>\n<p>Pour l\u2019anniversaire de ses 50 ans, la conception d\u2019un tout nouveau jeu d\u2019\u00e9nigme \u00ab\u00a0Le voyage d\u2019Holly\u00a0\u00bb, \u00e0 d\u00e9couvrir \u00e9galement le\u00a0\u00ab\u00a0Fort Apache\u00a0\u00bb et notre \u00ab\u00a0Grand Frisson\u00a0\u00bb dans l\u2019univers gonflables qui raviront les plus jeunes. Vous pourrez toujours profiter de nos univers d\u2019exploration, d\u2019escalade, de grimpe, de notre mini-ferme \u00e9ducative, et \u00a0bien s\u00fbr de la plage Nantaise : une plage de sable blanc situ\u00e9e dans la zone aquatique du parc.<br \/>\nLes Naudi\u00e8res, c\u2019est aussi une restauration de qualit\u00e9 pour tous avec le partenariat de producteur locaux, une boutique souvenir et une \u00e9quipe dynamique \u00e0 votre service.<\/p>\n<p>Venez d\u00e9couvrir un parc enti\u00e8rement r\u00e9nov\u00e9 s\u2019adressant \u00e0 toute la famille avec 6 grands univers.<\/p>\n<p><a href=\"https:\/\/www.lesnaudieres.com\/\">D\u00e9couvrez le parc ICI<\/a><\/p>\n<p><strong>NOUVEAU des billets t\u00e9l\u00e9chargeables ponctuellement sur le site ( suivant le stock, choisir un billet avec un num\u00e9ro expl: billet A19) disponibles imm\u00e9diatement dans votre espace personnel apr\u00e8s paiement CB valid\u00e9.\u00a0 Une r\u00e9f\u00e9rence = Un billet ou un lot, si vous souhaitez plusieurs ebillets t\u00e9l\u00e9chargeables il faut mettre dans votre panier plusieurs r\u00e9f\u00e9rences.<\/strong><\/p>\n","protected":false},"excerpt":{"rendered":"<p>PARC DES NAUDI\u00c8RES<br \/>\nBillet tout public<br \/>\nBillets valables toute la saison 2026<\/p>\n","protected":false},"featured_media":11757,"template":"","meta":[],"product_cat":[82,68,88],"product_tag":[73,124],"_links":{"self":[{"href":"https:\/\/www.audace44.fr\/commande\/wp-json\/wp\/v2\/product\/6778"}],"collection":[{"href":"https:\/\/www.audace44.fr\/commande\/wp-json\/wp\/v2\/product"}],"about":[{"href":"https:\/\/www.audace44.fr\/commande\/wp-json\/wp\/v2\/types\/product"}],"wp:featuredmedia":[{"embeddable":true,"href":"https:\/\/www.audace44.fr\/commande\/wp-json\/wp\/v2\/media\/11757"}],"wp:attachment":[{"href":"https:\/\/www.audace44.fr\/commande\/wp-json\/wp\/v2\/media?parent=6778"}],"wp:term":[{"taxonomy":"product_cat","embeddable":true,"href":"https:\/\/www.audace44.fr\/commande\/wp-json\/wp\/v2\/product_cat?post=6778"},{"taxonomy":"product_tag","embeddable":true,"href":"https:\/\/www.audace44.fr\/commande\/wp-json\/wp\/v2\/product_tag?post=6778"}],"curies":[{"name":"wp","href":"https:\/\/api.w.org\/{rel}","templated":true}]}}