{"id":6780,"date":"2025-07-27T19:11:28","date_gmt":"2025-07-27T17:11:28","guid":{"rendered":"https:\/\/amandineledu.art\/commande\/?post_type=product&#038;p=6780"},"modified":"2026-01-31T15:55:58","modified_gmt":"2026-01-31T14:55:58","slug":"royal-kids","status":"publish","type":"product","link":"https:\/\/www.audace44.fr\/commande\/produit\/royal-kids\/","title":{"rendered":"Royal Kids"},"content":{"rendered":"<p>Audace vous propose des billets nationaux.<\/p>\n<p>ebillets enfants uniquement.<\/p>\n<p>Soit envoy\u00e9s par mail aux jours et horaires d'ouverture d'Audace, soit t\u00e9l\u00e9chargeables (choisir un num\u00e9ro de billet, expl: t\u00e9l\u00e945P9) apr\u00e8s paiement CB valid\u00e9.<\/p>\n<p>validit\u00e9 31\/05\/2028<\/p>\n<p>Chaussettes obligatoires<br \/>\nAlimentation &amp; boissons ext\u00e9rieurs non autoris\u00e9s (restauration sucr\u00e9e\/sal\u00e9e sur place)<br \/>\nToute sortie est d\u00e9finitive<\/p>\n","protected":false},"excerpt":{"rendered":"<p>Billets nationaux<\/p>\n","protected":false},"featured_media":6876,"template":"","meta":[],"product_cat":[82,88],"product_tag":[74],"_links":{"self":[{"href":"https:\/\/www.audace44.fr\/commande\/wp-json\/wp\/v2\/product\/6780"}],"collection":[{"href":"https:\/\/www.audace44.fr\/commande\/wp-json\/wp\/v2\/product"}],"about":[{"href":"https:\/\/www.audace44.fr\/commande\/wp-json\/wp\/v2\/types\/product"}],"wp:featuredmedia":[{"embeddable":true,"href":"https:\/\/www.audace44.fr\/commande\/wp-json\/wp\/v2\/media\/6876"}],"wp:attachment":[{"href":"https:\/\/www.audace44.fr\/commande\/wp-json\/wp\/v2\/media?parent=6780"}],"wp:term":[{"taxonomy":"product_cat","embeddable":true,"href":"https:\/\/www.audace44.fr\/commande\/wp-json\/wp\/v2\/product_cat?post=6780"},{"taxonomy":"product_tag","embeddable":true,"href":"https:\/\/www.audace44.fr\/commande\/wp-json\/wp\/v2\/product_tag?post=6780"}],"curies":[{"name":"wp","href":"https:\/\/api.w.org\/{rel}","templated":true}]}}