{"id":6802,"date":"2020-07-28T18:26:28","date_gmt":"2020-07-28T16:26:28","guid":{"rendered":"https:\/\/amandineledu.art\/commande\/?post_type=product&#038;p=6802"},"modified":"2026-04-09T15:29:56","modified_gmt":"2026-04-09T13:29:56","slug":"ocearium-du-croisic","status":"publish","type":"product","link":"https:\/\/www.audace44.fr\/commande\/produit\/ocearium-du-croisic\/","title":{"rendered":"Oc\u00e9arium du Croisic"},"content":{"rendered":"<p>Aquarium du Croisic<\/p>\n<p>R\u00e9ouverture le 08 f\u00e9vrier 2026:\u00a0 l\u2019Oc\u00e9arium a enrichit son parcours de visite avec une toute nouvelle salle immersive \u00e0 360\u00b0. Ce nouvel espace de 250 m\u00b2 baptis\u00e9 <strong>\"Immer Sea\" <\/strong>vous plonge dans les profondeurs des oc\u00e9ans. Dans une ambiance fascinante, vous voyagez au c\u0153ur des oc\u00e9ans et vivez une exp\u00e9rience unique\u00a0!<\/p>\n<p>Tarifs 2025 jusqu'\u00e0 \u00e9puisement du stock (billets t\u00e9l\u00e9chargeables).<\/p>\n<p>Les billets achet\u00e9s avant l'augmentation seront valables jusqu'au 03\/04\/26<\/p>\n<p>e-billets envoy\u00e9s par mail ou en t\u00e9l\u00e9chargement (expl: billetKL9P)<\/p>\n<p>Consultez les horaires et conditions d'acc\u00e8s <a href=\"https:\/\/www.ocearium-croisic.fr\/#popUp\">ICI<\/a><\/p>\n<p>Les billets classiques sont envoy\u00e9s par mail aux jours et horaires d'ouverture.<\/p>\n<p>Pour des billets envoy\u00e9s imm\u00e9diatement il faut choisir billets t\u00e9l\u00e9chargeables (en fonction du stock, ce sont les billets num\u00e9rot\u00e9s expl: 1enfant544) et valider un paiement carte bancaire.<\/p>\n","protected":false},"excerpt":{"rendered":"<p>Aquarium du Croisic<\/p>\n<p>Billet enfant 3-12 ans<br \/>\nE-billets envoy\u00e9s par mail aux jours et horaires d&#8217;ouverture d&#8217;Audace ou billets t\u00e9l\u00e9chargeables en fonction du stock et par paiement CB<\/p>\n","protected":false},"featured_media":15638,"template":"","meta":[],"product_cat":[85,90],"product_tag":[74,124],"_links":{"self":[{"href":"https:\/\/www.audace44.fr\/commande\/wp-json\/wp\/v2\/product\/6802"}],"collection":[{"href":"https:\/\/www.audace44.fr\/commande\/wp-json\/wp\/v2\/product"}],"about":[{"href":"https:\/\/www.audace44.fr\/commande\/wp-json\/wp\/v2\/types\/product"}],"wp:featuredmedia":[{"embeddable":true,"href":"https:\/\/www.audace44.fr\/commande\/wp-json\/wp\/v2\/media\/15638"}],"wp:attachment":[{"href":"https:\/\/www.audace44.fr\/commande\/wp-json\/wp\/v2\/media?parent=6802"}],"wp:term":[{"taxonomy":"product_cat","embeddable":true,"href":"https:\/\/www.audace44.fr\/commande\/wp-json\/wp\/v2\/product_cat?post=6802"},{"taxonomy":"product_tag","embeddable":true,"href":"https:\/\/www.audace44.fr\/commande\/wp-json\/wp\/v2\/product_tag?post=6802"}],"curies":[{"name":"wp","href":"https:\/\/api.w.org\/{rel}","templated":true}]}}