{"id":6806,"date":"2020-07-28T18:38:37","date_gmt":"2020-07-28T16:38:37","guid":{"rendered":"https:\/\/amandineledu.art\/commande\/?post_type=product&#038;p=6806"},"modified":"2024-08-08T11:35:26","modified_gmt":"2024-08-08T09:35:26","slug":"oceanopolis-de-brest","status":"publish","type":"product","link":"https:\/\/www.audace44.fr\/commande\/produit\/oceanopolis-de-brest\/","title":{"rendered":"Oc\u00e9anopolis de Brest"},"content":{"rendered":"<p>ebillet pour l'Oc\u00e9anopolis de Brest.<\/p>\n<p><strong>Oc\u00e9anopolis fermera exceptionnellement ses portes du 2 au 6 septembre 2024. <\/strong><\/p>\n<p>Ensuite, <strong>seul le pavillon Bretagne sera ouvert, du 7 septembre 2024 au 30 juin 2025.<\/strong><\/p>\n<p>En raison de tarifs pr\u00e9f\u00e9rentiels pendant ces deux p\u00e9riodes, les billets que nous vendons ne seront pas valables ainsi vous trouverez les billets directement sur le site de <a href=\"https:\/\/www.oceanopolis.com\/\" target=\"_blank\" rel=\"noopener\">Oc\u00e9anopolis<\/a>.<\/p>\n<p>&nbsp;<\/p>\n","protected":false},"excerpt":{"rendered":"<p>Aquarium<\/p>\n<p>Oc\u00e9anopolis<\/p>\n<p>Brest<\/p>\n","protected":false},"featured_media":6807,"template":"","meta":[],"product_cat":[85,90],"product_tag":[74],"_links":{"self":[{"href":"https:\/\/www.audace44.fr\/commande\/wp-json\/wp\/v2\/product\/6806"}],"collection":[{"href":"https:\/\/www.audace44.fr\/commande\/wp-json\/wp\/v2\/product"}],"about":[{"href":"https:\/\/www.audace44.fr\/commande\/wp-json\/wp\/v2\/types\/product"}],"wp:featuredmedia":[{"embeddable":true,"href":"https:\/\/www.audace44.fr\/commande\/wp-json\/wp\/v2\/media\/6807"}],"wp:attachment":[{"href":"https:\/\/www.audace44.fr\/commande\/wp-json\/wp\/v2\/media?parent=6806"}],"wp:term":[{"taxonomy":"product_cat","embeddable":true,"href":"https:\/\/www.audace44.fr\/commande\/wp-json\/wp\/v2\/product_cat?post=6806"},{"taxonomy":"product_tag","embeddable":true,"href":"https:\/\/www.audace44.fr\/commande\/wp-json\/wp\/v2\/product_tag?post=6806"}],"curies":[{"name":"wp","href":"https:\/\/api.w.org\/{rel}","templated":true}]}}