{"id":6819,"date":"2025-11-02T10:07:20","date_gmt":"2025-11-02T09:07:20","guid":{"rendered":"https:\/\/amandineledu.art\/commande\/?post_type=product&#038;p=6819"},"modified":"2026-03-14T00:04:26","modified_gmt":"2026-03-13T23:04:26","slug":"terra-botanica","status":"publish","type":"product","link":"https:\/\/www.audace44.fr\/commande\/produit\/terra-botanica\/","title":{"rendered":"Terra Botanica"},"content":{"rendered":"<p>Ouverture le 04 avril jusqu'au 01 novembre 2026<\/p>\n<p>PROMO jusqu'au 13 mars les billets adulte sont \u00e0 19 \u20ac (<em>valable pour toute visite du 04 avril au 27 septembre 2026 selon calendrier d\u2019ouverture.)<\/em><\/p>\n<p><strong>Nouveau ! ebillet en t\u00e9l\u00e9chargement direct apr\u00e8s paiement CB valid\u00e9 (suivant le stock). Choisir billets t\u00e9l\u00e9chargeables dans le menu d\u00e9roulant.<\/strong><\/p>\n<p>Choisir un billet num\u00e9rot\u00e9 t\u00e9l\u00e9chargeable, expl: t\u00e9l\u00e9chargeable\/adulte 221<\/p>\n<p>Partez \u00e0 l\u2019aventure et d\u00e9couvrez plus de 500\u00a0000 v\u00e9g\u00e9taux du monde entier.<\/p>\n<p>De la cr\u00e9ation de la vie aux grandes explorations v\u00e9g\u00e9tales, de jardins extraordinaires en serres tropicales, plongez dans un voyage m\u00ealant \u00e9motions, grandeur et d\u00e9paysement.<\/p>\n<p>En famille ou entre amis, vivez une aventure in\u00e9dite ponctu\u00e9e de jeux, d\u2019animations et d\u2019attractions pour petits et grands.<\/p>\n<p>En 2021, Terra Botanica ouvre son 5\u00e8me univers\u00a0: les Myst\u00e8res de la For\u00eat!<\/p>\n<p>En compagnie des 3 g\u00e9ants de la For\u00eat, au c\u0153ur de la for\u00eat myst\u00e9rieuse, d\u00e9couvrez tous ses secrets dans un parcours sensoriel \u00e0 la cime des arbres \u00e0 plusieurs m\u00e8tres de haut\u00a0! Une exp\u00e9rience pour toute la famille\u00a0! Sensation et amusement garantis\u00a0!<\/p>\n<p>&nbsp;<\/p>\n","protected":false},"excerpt":{"rendered":"<p>Terra Botanica \u00e0 Angers<\/p>\n<p>&nbsp;<\/p>\n","protected":false},"featured_media":6820,"template":"","meta":[],"product_cat":[85,91],"product_tag":[74,124],"_links":{"self":[{"href":"https:\/\/www.audace44.fr\/commande\/wp-json\/wp\/v2\/product\/6819"}],"collection":[{"href":"https:\/\/www.audace44.fr\/commande\/wp-json\/wp\/v2\/product"}],"about":[{"href":"https:\/\/www.audace44.fr\/commande\/wp-json\/wp\/v2\/types\/product"}],"wp:featuredmedia":[{"embeddable":true,"href":"https:\/\/www.audace44.fr\/commande\/wp-json\/wp\/v2\/media\/6820"}],"wp:attachment":[{"href":"https:\/\/www.audace44.fr\/commande\/wp-json\/wp\/v2\/media?parent=6819"}],"wp:term":[{"taxonomy":"product_cat","embeddable":true,"href":"https:\/\/www.audace44.fr\/commande\/wp-json\/wp\/v2\/product_cat?post=6819"},{"taxonomy":"product_tag","embeddable":true,"href":"https:\/\/www.audace44.fr\/commande\/wp-json\/wp\/v2\/product_tag?post=6819"}],"curies":[{"name":"wp","href":"https:\/\/api.w.org\/{rel}","templated":true}]}}