{"id":6825,"date":"2025-09-02T20:01:01","date_gmt":"2025-09-02T18:01:01","guid":{"rendered":"https:\/\/amandineledu.art\/commande\/?post_type=product&#038;p=6825"},"modified":"2026-04-01T10:17:15","modified_gmt":"2026-04-01T08:17:15","slug":"zoo-parc-de-beauval","status":"publish","type":"product","link":"https:\/\/www.audace44.fr\/commande\/produit\/zoo-parc-de-beauval\/","title":{"rendered":"Zoo Parc de Beauval 1 jour"},"content":{"rendered":"<p>Site touristique incontournable de la r\u00e9gion Centre-Val de Loire, le ZooParc de Beauval abrite plus de 35 000 animaux, dont des esp\u00e8ces uniques en France comme les pandas g\u00e9ants, les koalas ou encore les rarissimes singes dor\u00e9s, qui arriveront en 2025 pour \u00e9voluer dans un espace exceptionnel. Autre \u00e9v\u00e9nement en 2025 : Beauval f\u00eate ses 45 ans ! Cet anniversaire sera c\u00e9l\u00e9br\u00e9 toute l\u2019ann\u00e9e dans le parc et sur zoobeauval.com !<br \/>\nS\u2019\u00e9tendant sur 45 hectares, Beauval vous invite \u00e0 d\u00e9couvrir des esp\u00e8ces fascinantes : pandas g\u00e9ants, lions majestueux, koalas attendrissants, les 200 esp\u00e8ces vivant dans le D\u00f4me \u00c9quatorial, la Grande Voli\u00e8re Sud-Am\u00e9ricaine et les 4 serres tropicales. Prenez aussi de la hauteur en survolant le parc \u00e0 bord du Nuage de Beauval, la t\u00e9l\u00e9cabine offrant une vue panoramique. Ouvert toute l\u2019ann\u00e9e, le parc enchante en toutes saisons : couleurs d\u2019automne, animaux actifs, pauses gourmandes. Prolongez l\u2019exp\u00e9rience en s\u00e9journant dans l\u2019un de nos h\u00f4tels situ\u00e9s \u00e0 proximit\u00e9 de Beauval : Les Jardins, Les Pagodes, Les Rivages, les Hauts de Beauval.<\/p>\n<p>E-billets 1 jour et billets t\u00e9l\u00e9chargeables imm\u00e9diatement apr\u00e8s paiement CB suivant le stock (choisir un billet avec un num\u00e9ro expl: adulte108)<\/p>\n<p>Les billets 2026-2027 sont valables au minimum jusqu'au 16\/02\/27 et sont au tarif 2025 jusqu'\u00e0 \u00e9puisement du stock.<\/p>\n<p><strong>PROMO T\u00e9l\u00e9chargeables validit\u00e9 28\/04\/26<\/strong><\/p>\n<p>Billets disponibles \u00e9galement pour 2 jours, <a href=\"https:\/\/www.audace44.fr\/commande\/produit\/zoo-parc-de-beauval-2-jours\/\" target=\"_blank\" rel=\"noopener\">ICI<\/a><\/p>\n<p>Tarif \u00e9galement sur la r\u00e9servation d'h\u00f4tel + parc, n'h\u00e9sitez pas \u00e0 nous contacter pour un devis.<\/p>\n<p>D\u00e9couvrez le site de notre partenaire en <a href=\"https:\/\/www.zoobeauval.com\/\">cliquant ICI<\/a><\/p>\n<p>Nous restons sur les anciens tarifs tant que le stock n'est pas \u00e9puis\u00e9, ensuite tarif + 2\u20ac<\/p>\n<p>S\u00e9jour h\u00f4tel, billets, petit d\u00e9jeuner et diner disponible sur devis.<\/p>\n<p>&nbsp;<\/p>\n","protected":false},"excerpt":{"rendered":"<p>Billets disponibles pour 1 jour<\/p>\n<p>Nous contacter !<\/p>\n","protected":false},"featured_media":18265,"template":"","meta":[],"product_cat":[85,77],"product_tag":[74,124],"_links":{"self":[{"href":"https:\/\/www.audace44.fr\/commande\/wp-json\/wp\/v2\/product\/6825"}],"collection":[{"href":"https:\/\/www.audace44.fr\/commande\/wp-json\/wp\/v2\/product"}],"about":[{"href":"https:\/\/www.audace44.fr\/commande\/wp-json\/wp\/v2\/types\/product"}],"wp:featuredmedia":[{"embeddable":true,"href":"https:\/\/www.audace44.fr\/commande\/wp-json\/wp\/v2\/media\/18265"}],"wp:attachment":[{"href":"https:\/\/www.audace44.fr\/commande\/wp-json\/wp\/v2\/media?parent=6825"}],"wp:term":[{"taxonomy":"product_cat","embeddable":true,"href":"https:\/\/www.audace44.fr\/commande\/wp-json\/wp\/v2\/product_cat?post=6825"},{"taxonomy":"product_tag","embeddable":true,"href":"https:\/\/www.audace44.fr\/commande\/wp-json\/wp\/v2\/product_tag?post=6825"}],"curies":[{"name":"wp","href":"https:\/\/api.w.org\/{rel}","templated":true}]}}