{"id":6831,"date":"2024-12-28T20:56:45","date_gmt":"2024-12-28T19:56:45","guid":{"rendered":"https:\/\/amandineledu.art\/commande\/?post_type=product&#038;p=6831"},"modified":"2026-04-09T14:24:00","modified_gmt":"2026-04-09T12:24:00","slug":"zoo-de-la-boissiere-du-dore","status":"publish","type":"product","link":"https:\/\/www.audace44.fr\/commande\/produit\/zoo-de-la-boissiere-du-dore\/","title":{"rendered":"La Boissi\u00e8re du Dor\u00e9"},"content":{"rendered":"<p>Ebillets envoy\u00e9s par mail ou ebillets t\u00e9l\u00e9chargeables en cas de paiement CB valid\u00e9 (choisir un billet num\u00e9rot\u00e9 ou un lot expl: 1 enfant4478)<\/p>\n<p>Billet enfant 3-12 ans<\/p>\n<p>Validit\u00e9 saisons 26-27<\/p>\n<p>Class\u00e9 parmi les plus beaux parcs animaliers, le Parc Zoologique de La Boissi\u00e8re du Dor\u00e9 situ\u00e9 en plein c\u0153ur du vignoble nantais \u00e0 seulement 30 minutes de Nantes et Cholet vous invite \u00e0 un voyage en famille autour du monde \u00e0 la rencontre de plus de 1 100 animaux dans un cadre naturel et ombrag\u00e9 de 25 hectares.<br \/>\nDepuis de grandes passerelles en bois, venez arpenter les 8 hectares de plaines africaines o\u00f9 \u00e9voluent girafes, z\u00e8bres et antilopes, sans oublier notre famille de rhinoc\u00e9ros.<br \/>\nPartagez un t\u00eate-\u00e0-t\u00eate avec les primates et laissez-vous envo\u00fbter par les chants des gibbons ou encore tomber sous le charme des l\u00e9muriens et des sa\u00efmiris. D\u00e9couvrez le quotidien de nos gorilles, mais aussi celui de la plus grande famille d\u2019orangs-outans d\u2019Europe, esp\u00e8ce embl\u00e9matique du parc dont les premiers membres sont arriv\u00e9s en 1989.<br \/>\nPartez \u00e0 la rencontre de l\u2019insolite dans nos voli\u00e8res d\u2019immersion d\u2019Asie, d\u2019Australie ou encore d\u2019Am\u00e9rique du Sud o\u00f9 vous d\u00e9couvrirez notamment les binturongs, les loutres, les wallabys ou encore les paresseux.<br \/>\nVivez un face-\u00e0-face avec les imposants tigres de Sumatra, lions d\u2019Afrique de l\u2019Ouest, ou encore les discr\u00e8tes panth\u00e8res des neiges.<\/p>\n<p>Depuis 2022, devenez acteurs de la protection de la nature !<br \/>\nPour chaque entr\u00e9e au parc achet\u00e9, un euro est revers\u00e9 \u00e0 notre association BMC. L\u2019euro pour la nature vous permet donc de visiter le parc tout en participant \u00e0 la sauvegarde de la biodiversit\u00e9.<br \/>\nEn 2023, sera inaugur\u00e9 \u00ab La Terre sacr\u00e9e des Tigres \u00bb. Ce nouveau territoire de pr\u00e8s de 3 hectares pour notre couple de tigres de Sumatra illustre l\u2019engagement du parc en faveur du bien-\u00eatre de ses pensionnaires.<br \/>\nProlongez votre s\u00e9jour en passant une nuit insolite en Africa LODGES \u00e0 hauteur de girafes ou en t\u00eate \u00e0 t\u00eate avec les rhinoc\u00e9ros. NOUVEAU, en 2023, d\u00e9couvrez nos deux nouveaux lodges:<br \/>\nle family\u2019SPA pouvant accueillir jusqu\u2019\u00e0 9 personnes avec un jacuzzi face aux girafes et le cocooning SPA girafes.<\/p>\n<p><a href=\"https:\/\/www.zoo-boissiere.com\/\" target=\"_blank\" rel=\"noopener noreferrer\">D\u00e9couvrez ce zoo ICI<\/a><\/p>\n","protected":false},"excerpt":{"rendered":"<p>Zoo Boissiere du Dor\u00e9<br \/>\ne-billets envoy\u00e9s par mail et t\u00e9l\u00e9chargeables<\/p>\n","protected":false},"featured_media":9522,"template":"","meta":[],"product_cat":[85,77],"product_tag":[74,124],"_links":{"self":[{"href":"https:\/\/www.audace44.fr\/commande\/wp-json\/wp\/v2\/product\/6831"}],"collection":[{"href":"https:\/\/www.audace44.fr\/commande\/wp-json\/wp\/v2\/product"}],"about":[{"href":"https:\/\/www.audace44.fr\/commande\/wp-json\/wp\/v2\/types\/product"}],"wp:featuredmedia":[{"embeddable":true,"href":"https:\/\/www.audace44.fr\/commande\/wp-json\/wp\/v2\/media\/9522"}],"wp:attachment":[{"href":"https:\/\/www.audace44.fr\/commande\/wp-json\/wp\/v2\/media?parent=6831"}],"wp:term":[{"taxonomy":"product_cat","embeddable":true,"href":"https:\/\/www.audace44.fr\/commande\/wp-json\/wp\/v2\/product_cat?post=6831"},{"taxonomy":"product_tag","embeddable":true,"href":"https:\/\/www.audace44.fr\/commande\/wp-json\/wp\/v2\/product_tag?post=6831"}],"curies":[{"name":"wp","href":"https:\/\/api.w.org\/{rel}","templated":true}]}}