{"id":6835,"date":"2025-10-28T21:04:32","date_gmt":"2025-10-28T20:04:32","guid":{"rendered":"https:\/\/amandineledu.art\/commande\/?post_type=product&#038;p=6835"},"modified":"2026-01-09T15:59:21","modified_gmt":"2026-01-09T14:59:21","slug":"zoo-de-la-fleche","status":"publish","type":"product","link":"https:\/\/www.audace44.fr\/commande\/produit\/zoo-de-la-fleche\/","title":{"rendered":"Zoo de la Fl\u00e8che"},"content":{"rendered":"<p>Class\u00e9 parmi les 5 premiers parcs animaliers de France, Le Zoo de La Fl\u00e8che est un parc embl\u00e9matique depuis pr\u00e8s de 80 ans qui allie habilement bien-\u00eatre animal, conservation de la biodiversit\u00e9, \u00e9ducation et \u00e9merveillement des visiteurs.<\/p>\n<p>Partez \u00e0 la d\u00e9couverte de plus de 1500 animaux d'Afrique, d'Asie, d'Am\u00e9rique ! Assistez aux animations et pr\u00e9sentations p\u00e9dagogiques d'une faune exceptionnellement pr\u00e9serv\u00e9e. <strong>Girafes, rhinoc\u00e9ros, lions, oiseaux et tant autres \u2026 Venez rencontrer ces embl\u00e8mes ! Zoo de La Fl\u00e8che, votre \u00e9chapp\u00e9e nature entre Le Mans et Angers.<\/strong><strong>\u00a0<\/strong><\/p>\n<p><strong>Les embl\u00e8mes de l\u2019Afrique sont \u00e0 l\u2019honneur au Zoo de La Fl\u00e8che<\/strong><\/p>\n<p>D\u00e9couvrez un nouvel environnement pour les lions et les gu\u00e9pards, et laissez-vous \u00e9merveiller par la grande plaine africaine, o\u00f9 les majestueuses girafes \u00e9voluent aux c\u00f4t\u00e9s des z\u00e8bres, autruches et antilopes, dans un d\u00e9cor qui \u00e9voque les vastes \u00e9tendues de la savane. Depuis peu, la hy\u00e8ne tachet\u00e9e a rejoint nos pensionnaires, offrant une rencontre in\u00e9dite avec l\u2019un des pr\u00e9dateurs les plus fascinants d\u2019Afrique.<\/p>\n<p>Et pour les amoureux de la nature, une nouvelle mini-ferme p\u00e9dagogique immersive vous attend : un espace unique pour apprendre et observer des moments privil\u00e9gi\u00e9s avec les animaux de la ferme.<\/p>\n<p><strong>Nouveaut\u00e9 : R\u00e9servez votre lodge face aux girafes\u00a0! <\/strong><\/p>\n<p>S\u00e9journez dans l\u2019un des 8 nouveaux lodges du Zoo de La Fl\u00e8che. Un s\u00e9jour immersif et haut de gamme face aux animaux mythiques des grandes plaines africaines\u00a0: girafes, z\u00e8bres, autruches, impalas et gemsboks. Depuis votre lodge ou votre terrasse, observez plus d\u2019une trentaine d\u2019animaux qui \u00e9voluent sous vos yeux \u00e9merveill\u00e9s.<\/p>\n<p><strong>Le Safari Lodge &amp; Suite c'est 28 lodges et 12 suites dont la promesse est de vous offrir un s\u00e9jour inoubliable face \u00e0 la faune sauvage du Zoo de La Fl\u00e8che \u00e0 seulement 2h30 de Paris\u00a0!<\/strong><\/p>\n<p>Les billets sont valables jusqu'au 31\/12\/25 (tarif 2024) ou 31\/12\/26 (tarif 2025)\u00a0 sont disponible \u00e0 la vente en e-billet et en billet t\u00e9l\u00e9chargeable suivant le stock (choisir un billet avec un num\u00e9ro, expl: t\u00e9l\u00e9chargeable adulte5644)<\/p>\n<p>e-billets envoy\u00e9s par mail les jours d'ouverture d'Audace uniquement.<\/p>\n<p>D\u00e9couvrez le site de notre partenaire en c<a href=\"http:\/\/www.zoo-la-fleche.com\/\">liquant ICI<\/a><\/p>\n","protected":false},"excerpt":{"rendered":"<p>Zoo de La Fl\u00e8che<\/p>\n<p>Ouvert toute l&#8217;ann\u00e9e<\/p>\n","protected":false},"featured_media":17822,"template":"","meta":[],"product_cat":[85,77],"product_tag":[74,124],"_links":{"self":[{"href":"https:\/\/www.audace44.fr\/commande\/wp-json\/wp\/v2\/product\/6835"}],"collection":[{"href":"https:\/\/www.audace44.fr\/commande\/wp-json\/wp\/v2\/product"}],"about":[{"href":"https:\/\/www.audace44.fr\/commande\/wp-json\/wp\/v2\/types\/product"}],"wp:featuredmedia":[{"embeddable":true,"href":"https:\/\/www.audace44.fr\/commande\/wp-json\/wp\/v2\/media\/17822"}],"wp:attachment":[{"href":"https:\/\/www.audace44.fr\/commande\/wp-json\/wp\/v2\/media?parent=6835"}],"wp:term":[{"taxonomy":"product_cat","embeddable":true,"href":"https:\/\/www.audace44.fr\/commande\/wp-json\/wp\/v2\/product_cat?post=6835"},{"taxonomy":"product_tag","embeddable":true,"href":"https:\/\/www.audace44.fr\/commande\/wp-json\/wp\/v2\/product_tag?post=6835"}],"curies":[{"name":"wp","href":"https:\/\/api.w.org\/{rel}","templated":true}]}}