{"id":6839,"date":"2023-07-28T21:11:50","date_gmt":"2023-07-28T19:11:50","guid":{"rendered":"https:\/\/amandineledu.art\/commande\/?post_type=product&#038;p=6839"},"modified":"2025-06-27T12:33:21","modified_gmt":"2025-06-27T10:33:21","slug":"zoo-de-la-palmyre","status":"publish","type":"product","link":"https:\/\/www.audace44.fr\/commande\/produit\/zoo-de-la-palmyre\/","title":{"rendered":"Zoo de la Palmyre"},"content":{"rendered":"<p>Zoo de La Palmyre<\/p>\n<p>Billets papier envoy\u00e9s par courrier, pas de date de validit\u00e9.<\/p>\n<p>E-billets envoy\u00e9s par mail valables la saison en cours.<\/p>\n<p>Nich\u00e9 au c\u0153ur d'une for\u00eat de pins de 18 hectares, le Zoo de La Palmyre est aujourd'hui l'un des sites touristiques les plus fr\u00e9quent\u00e9s de Charente-Maritime. Chaque ann\u00e9e, 600 000 visiteurs se pressent dans ses all\u00e9es pour contempler plus de 1600 mammif\u00e8res, oiseaux et reptiles repr\u00e9sentant 110 esp\u00e8ces diff\u00e9rentes.<\/p>\n<p>Au-del\u00e0 d\u2019\u00eatre une sortie agr\u00e9able et divertissante pour le public, le Zoo de La Palmyre joue aussi un r\u00f4le important dans la conservation des esp\u00e8ces menac\u00e9es, la recherche scientifique et l\u2019\u00e9ducation \u00e0 l\u2019environnement. Il enregistre chaque ann\u00e9e plus de 200\u00a0 naissances, un succ\u00e8s qui s'explique par les soins apport\u00e9s \u00e0 l'alimentation et au bien-\u00eatre des animaux.<\/p>\n<p>D\u00e9couvrez le parc en <a href=\"http:\/\/www.zoo-palmyre.fr\/fr\">cliquant ICI<\/a><\/p>\n<p>&nbsp;<\/p>\n","protected":false},"excerpt":{"rendered":"<p>Zoo de La Palmyre \u00e0 Royan<\/p>\n<p>e-billets et billets papier<\/p>\n","protected":false},"featured_media":6840,"template":"","meta":[],"product_cat":[85,77],"product_tag":[73,74],"_links":{"self":[{"href":"https:\/\/www.audace44.fr\/commande\/wp-json\/wp\/v2\/product\/6839"}],"collection":[{"href":"https:\/\/www.audace44.fr\/commande\/wp-json\/wp\/v2\/product"}],"about":[{"href":"https:\/\/www.audace44.fr\/commande\/wp-json\/wp\/v2\/types\/product"}],"wp:featuredmedia":[{"embeddable":true,"href":"https:\/\/www.audace44.fr\/commande\/wp-json\/wp\/v2\/media\/6840"}],"wp:attachment":[{"href":"https:\/\/www.audace44.fr\/commande\/wp-json\/wp\/v2\/media?parent=6839"}],"wp:term":[{"taxonomy":"product_cat","embeddable":true,"href":"https:\/\/www.audace44.fr\/commande\/wp-json\/wp\/v2\/product_cat?post=6839"},{"taxonomy":"product_tag","embeddable":true,"href":"https:\/\/www.audace44.fr\/commande\/wp-json\/wp\/v2\/product_tag?post=6839"}],"curies":[{"name":"wp","href":"https:\/\/api.w.org\/{rel}","templated":true}]}}