{"id":6843,"date":"2020-07-28T21:18:34","date_gmt":"2020-07-28T19:18:34","guid":{"rendered":"https:\/\/amandineledu.art\/commande\/?post_type=product&#038;p=6843"},"modified":"2025-11-25T15:49:47","modified_gmt":"2025-11-25T14:49:47","slug":"zoo-des-sables-dolonne","status":"publish","type":"product","link":"https:\/\/www.audace44.fr\/commande\/produit\/zoo-des-sables-dolonne\/","title":{"rendered":"Zoo des Sables"},"content":{"rendered":"<h3 class=\"fusion-responsive-typography-calculated\" data-fontsize=\"20\" data-lineheight=\"24px\">Le Zoo des Sables, c\u2019est:<\/h3>\n<ul>\n<li>plus de 500 animaux exotiques,<\/li>\n<li>60 esp\u00e8ces,<\/li>\n<li>plus de la moiti\u00e9 de ces esp\u00e8ces font l\u2019objet de mesures de protection europ\u00e9ennes ou internationales,<\/li>\n<li>l\u2019enclos de chaque esp\u00e8ce a \u00e9t\u00e9 sp\u00e9cialement \u00e9labor\u00e9 pour son bien-\u00eatre, en reproduisant au mieux le milieu naturel.<\/li>\n<\/ul>\n<p>Pr\u00e9parez votre visite en d\u00e9couvrant le site du parc, <a href=\"https:\/\/www.zoodessables.fr\/\">ICI<\/a><\/p>\n<div class=\"fusion-sep-clear\"><\/div>\n<div class=\"fusion-sep-clear\">Billetterie ferm\u00e9e 1h30 avant la fermeture du parc.<\/div>\n","protected":false},"excerpt":{"rendered":"<p>Sables d&#8217;Olonne<\/p>\n","protected":false},"featured_media":6844,"template":"","meta":[],"product_cat":[85,77],"product_tag":[73],"_links":{"self":[{"href":"https:\/\/www.audace44.fr\/commande\/wp-json\/wp\/v2\/product\/6843"}],"collection":[{"href":"https:\/\/www.audace44.fr\/commande\/wp-json\/wp\/v2\/product"}],"about":[{"href":"https:\/\/www.audace44.fr\/commande\/wp-json\/wp\/v2\/types\/product"}],"wp:featuredmedia":[{"embeddable":true,"href":"https:\/\/www.audace44.fr\/commande\/wp-json\/wp\/v2\/media\/6844"}],"wp:attachment":[{"href":"https:\/\/www.audace44.fr\/commande\/wp-json\/wp\/v2\/media?parent=6843"}],"wp:term":[{"taxonomy":"product_cat","embeddable":true,"href":"https:\/\/www.audace44.fr\/commande\/wp-json\/wp\/v2\/product_cat?post=6843"},{"taxonomy":"product_tag","embeddable":true,"href":"https:\/\/www.audace44.fr\/commande\/wp-json\/wp\/v2\/product_tag?post=6843"}],"curies":[{"name":"wp","href":"https:\/\/api.w.org\/{rel}","templated":true}]}}