{"id":6847,"date":"2026-03-12T21:26:11","date_gmt":"2026-03-12T20:26:11","guid":{"rendered":"https:\/\/amandineledu.art\/commande\/?post_type=product&#038;p=6847"},"modified":"2026-04-21T17:04:08","modified_gmt":"2026-04-21T15:04:08","slug":"legendia-parc","status":"publish","type":"product","link":"https:\/\/www.audace44.fr\/commande\/produit\/legendia-parc\/","title":{"rendered":"Legendia Parc"},"content":{"rendered":"<p><strong>L\u00e9gendia Parc \u00e0 Frossay (44)\u00a0 !<\/strong><\/p>\n<p>Attention 4 types de tarifs:<\/p>\n<p><strong>Jour violet<\/strong> (parc animalier + 5 spectacles + spectacle nocturne 10h- 22h30): du 06 juillet au 30 ao\u00fbt 2026<\/p>\n<p><strong>Jour jaune<\/strong> (parc animalier + 5 spectacles\u00a0 10h- 19h): <a href=\"https:\/\/legendiaparc.com\/nos-tarifs-et-calendrier\/#calendar\" target=\"_blank\" rel=\"noopener\">voir calendrier<\/a><\/p>\n<p><strong>Jour vert<\/strong> (parc animalier\u00a0 14h- 18h ): <a href=\"https:\/\/legendiaparc.com\/nos-tarifs-et-calendrier\/#calendar\" target=\"_blank\" rel=\"noopener\">voir calendrier<\/a><\/p>\n<p><strong>Jour orange<\/strong> (p\u00e9riode halloween d\u00e8s le 03 octobre tous les week-end et pendant les cong\u00e9s scolaires de la Toussaint.<\/p>\n<p>La p\u00e9riode de no\u00ebl est pr\u00e9sent\u00e9e dans un article s\u00e9par\u00e9 sur le site, vous trouverez cette <a href=\"https:\/\/www.audace44.fr\/commande\/?post_type=product&amp;p=8785&amp;preview=true\" target=\"_blank\" rel=\"noopener\">billetterie ICI<\/a><\/p>\n<p>Nouveau e-billets\u00a0 ! Envoy\u00e9s les jours d'ouverture d'Audace ou t\u00e9l\u00e9chargeable apr\u00e8s paiement CB valid\u00e9 suivant le stock (choisir un billet avec un num\u00e9ro expl: 1enfant7788)<\/p>\n<p><strong>Nouveaux Spectacles\u00a0 et nouvel univers sur le th\u00e8me des dragons.<\/strong><\/p>\n<p><strong>Attention!<\/strong> les billets jaunes ne sont pas valables en juillet et ao\u00fbt, soit: du 06 juillet au 30 ao\u00fbt 2026.<\/p>\n<p>&nbsp;<\/p>\n","protected":false},"excerpt":{"rendered":"<p>E-Billets adulte ou enfant<\/p>\n<p>Billetterie utilisable uniquement les jours jaunes, verts ou violets.<\/p>\n<p>&nbsp;<\/p>\n<p>&nbsp;<\/p>\n","protected":false},"featured_media":18290,"template":"","meta":[],"product_cat":[82,88,85,77],"product_tag":[74,124],"_links":{"self":[{"href":"https:\/\/www.audace44.fr\/commande\/wp-json\/wp\/v2\/product\/6847"}],"collection":[{"href":"https:\/\/www.audace44.fr\/commande\/wp-json\/wp\/v2\/product"}],"about":[{"href":"https:\/\/www.audace44.fr\/commande\/wp-json\/wp\/v2\/types\/product"}],"wp:featuredmedia":[{"embeddable":true,"href":"https:\/\/www.audace44.fr\/commande\/wp-json\/wp\/v2\/media\/18290"}],"wp:attachment":[{"href":"https:\/\/www.audace44.fr\/commande\/wp-json\/wp\/v2\/media?parent=6847"}],"wp:term":[{"taxonomy":"product_cat","embeddable":true,"href":"https:\/\/www.audace44.fr\/commande\/wp-json\/wp\/v2\/product_cat?post=6847"},{"taxonomy":"product_tag","embeddable":true,"href":"https:\/\/www.audace44.fr\/commande\/wp-json\/wp\/v2\/product_tag?post=6847"}],"curies":[{"name":"wp","href":"https:\/\/api.w.org\/{rel}","templated":true}]}}