{"id":6856,"date":"2025-11-27T21:46:33","date_gmt":"2025-11-27T20:46:33","guid":{"rendered":"https:\/\/amandineledu.art\/commande\/?post_type=product&#038;p=6856"},"modified":"2026-02-24T10:44:42","modified_gmt":"2026-02-24T09:44:42","slug":"parc-de-branfere","status":"publish","type":"product","link":"https:\/\/www.audace44.fr\/commande\/produit\/parc-de-branfere\/","title":{"rendered":"Parc de Branf\u00e9r\u00e9"},"content":{"rendered":"<p>Parc de Branf\u00e9r\u00e9 et Parcabout<\/p>\n<p>La visite du parc de Branf\u00e9r\u00e9 est l\u2019occasion de d\u00e9couvrir plus de 150 esp\u00e8ces animales originaires des 5 continents, en libert\u00e9. En proposant une remarquable collection d\u2019oiseaux, Branf\u00e9r\u00e9 est consid\u00e9r\u00e9 comme un\u00a0parc ornithologique\u00a0avec pr\u00e8s de\u00a0500 oiseaux\u00a0du monde entier.<\/p>\n<p>Le Parc de Branf\u00e9r\u00e9 a fait le choix d\u2019enrichir son offre d\u2019attractions et\u00a0loisirs dans le Morbihan. La cr\u00e9ation d\u2019un parc d\u2019\u00e9volution dans les arbres (Parcabout) apporte une dimension ludique, novatrice et coh\u00e9rente aux visiteurs du parc animalier et botanique.<\/p>\n<p>B\u00e9n\u00e9ficiez de 5 % de remise avec Audace sur:<\/p>\n<ul>\n<li>les s\u00e9jours en famille<\/li>\n<li>l'exp\u00e9rience soigneur d'un jour<\/li>\n<li>les s\u00e9jours de vacances pour les 5 - 17 ans<\/li>\n<\/ul>\n<p>Pr\u00e9parez votre visite en d\u00e9couvrant le site du<a href=\"https:\/\/parc.branfere.com\/\"> parc ICI<\/a><\/p>\n","protected":false},"excerpt":{"rendered":"<p>Le Parc de Branf\u00e9r\u00e9 vous propose un voyage au c\u0153ur du monde animal.<\/p>\n","protected":false},"featured_media":6857,"template":"","meta":[],"product_cat":[85,77],"product_tag":[73],"_links":{"self":[{"href":"https:\/\/www.audace44.fr\/commande\/wp-json\/wp\/v2\/product\/6856"}],"collection":[{"href":"https:\/\/www.audace44.fr\/commande\/wp-json\/wp\/v2\/product"}],"about":[{"href":"https:\/\/www.audace44.fr\/commande\/wp-json\/wp\/v2\/types\/product"}],"wp:featuredmedia":[{"embeddable":true,"href":"https:\/\/www.audace44.fr\/commande\/wp-json\/wp\/v2\/media\/6857"}],"wp:attachment":[{"href":"https:\/\/www.audace44.fr\/commande\/wp-json\/wp\/v2\/media?parent=6856"}],"wp:term":[{"taxonomy":"product_cat","embeddable":true,"href":"https:\/\/www.audace44.fr\/commande\/wp-json\/wp\/v2\/product_cat?post=6856"},{"taxonomy":"product_tag","embeddable":true,"href":"https:\/\/www.audace44.fr\/commande\/wp-json\/wp\/v2\/product_tag?post=6856"}],"curies":[{"name":"wp","href":"https:\/\/api.w.org\/{rel}","templated":true}]}}