{"id":6864,"date":"2025-09-20T21:58:31","date_gmt":"2025-09-20T19:58:31","guid":{"rendered":"https:\/\/amandineledu.art\/commande\/?post_type=product&#038;p=6864"},"modified":"2025-11-25T15:48:08","modified_gmt":"2025-11-25T14:48:08","slug":"bioparc","status":"publish","type":"product","link":"https:\/\/www.audace44.fr\/commande\/produit\/bioparc\/","title":{"rendered":"Bioparc"},"content":{"rendered":"<p>***************************<\/p>\n<p>En Anjou, pr\u00e8s de Saumur, plus de 1400 animaux ont trouv\u00e9 au Bioparc un cadre naturel exceptionnel, consacr\u00e9 \u00e0 la protection des esp\u00e8ces menac\u00e9es. Creus\u00e9s dans la roche, nos tunnels vous feront passer d\u2019un monde \u00e0 l\u2019autre. Un voyage riche en \u00e9motions dans un v\u00e9ritable labyrinthe min\u00e9ral et v\u00e9g\u00e9tal !<\/p>\n<p><strong>Dur\u00e9e de visite\u00a0:\u00a0<\/strong>de 4 heures \u00e0 la journ\u00e9e enti\u00e8re<br \/>\n<strong>Derni\u00e8re heure de visite conseill\u00e9e :\u00a0<\/strong>2h avant la fermeture<\/p>\n<p>D\u00e9couvrez ce parc en <a href=\"https:\/\/www.bioparc-zoo.fr\/\">cliquant ICI<\/a><\/p>\n","protected":false},"excerpt":{"rendered":"<p>Dou\u00e9 La Fontaine<\/p>\n<p>Proche Saumur<\/p>\n","protected":false},"featured_media":6865,"template":"","meta":[],"product_cat":[85,77],"product_tag":[73],"_links":{"self":[{"href":"https:\/\/www.audace44.fr\/commande\/wp-json\/wp\/v2\/product\/6864"}],"collection":[{"href":"https:\/\/www.audace44.fr\/commande\/wp-json\/wp\/v2\/product"}],"about":[{"href":"https:\/\/www.audace44.fr\/commande\/wp-json\/wp\/v2\/types\/product"}],"wp:featuredmedia":[{"embeddable":true,"href":"https:\/\/www.audace44.fr\/commande\/wp-json\/wp\/v2\/media\/6865"}],"wp:attachment":[{"href":"https:\/\/www.audace44.fr\/commande\/wp-json\/wp\/v2\/media?parent=6864"}],"wp:term":[{"taxonomy":"product_cat","embeddable":true,"href":"https:\/\/www.audace44.fr\/commande\/wp-json\/wp\/v2\/product_cat?post=6864"},{"taxonomy":"product_tag","embeddable":true,"href":"https:\/\/www.audace44.fr\/commande\/wp-json\/wp\/v2\/product_tag?post=6864"}],"curies":[{"name":"wp","href":"https:\/\/api.w.org\/{rel}","templated":true}]}}