{"id":6868,"date":"2020-07-28T22:05:40","date_gmt":"2020-07-28T20:05:40","guid":{"rendered":"https:\/\/amandineledu.art\/commande\/?post_type=product&#038;p=6868"},"modified":"2023-04-25T15:17:39","modified_gmt":"2023-04-25T13:17:39","slug":"zoo-champrepus","status":"publish","type":"product","link":"https:\/\/www.audace44.fr\/commande\/produit\/zoo-champrepus\/","title":{"rendered":"Zoo Champrepus"},"content":{"rendered":"<p>Plus encore qu'un parc animalier et paysager \u00e0 visiter, Champr\u00e9pus est une exp\u00e9rience \u00e0 vivre...<\/p>\n<p>Comme un voyage qui embarque ses visiteurs aux quatre coins du monde, \u00e0 la d\u00e9couverte d'esp\u00e8ces animale qui \u00e9voluent dans un univers luxuriant ... du jardin des 3 continents au jardin exotique.<\/p>\n<p>Situ\u00e9 en Normandie, \u00e0 1h de Rennes.<\/p>\n<p><a href=\"https:\/\/www.zoo-champrepus.com\/\">D\u00e9couvrez ce zoo ICI !<\/a><\/p>\n","protected":false},"excerpt":{"rendered":"<p>Parc zoologique de Champr\u00e9pus<\/p>\n<p>Normandie<\/p>\n<p>&nbsp;<\/p>\n","protected":false},"featured_media":6869,"template":"","meta":[],"product_cat":[85,77],"product_tag":[74],"_links":{"self":[{"href":"https:\/\/www.audace44.fr\/commande\/wp-json\/wp\/v2\/product\/6868"}],"collection":[{"href":"https:\/\/www.audace44.fr\/commande\/wp-json\/wp\/v2\/product"}],"about":[{"href":"https:\/\/www.audace44.fr\/commande\/wp-json\/wp\/v2\/types\/product"}],"wp:featuredmedia":[{"embeddable":true,"href":"https:\/\/www.audace44.fr\/commande\/wp-json\/wp\/v2\/media\/6869"}],"wp:attachment":[{"href":"https:\/\/www.audace44.fr\/commande\/wp-json\/wp\/v2\/media?parent=6868"}],"wp:term":[{"taxonomy":"product_cat","embeddable":true,"href":"https:\/\/www.audace44.fr\/commande\/wp-json\/wp\/v2\/product_cat?post=6868"},{"taxonomy":"product_tag","embeddable":true,"href":"https:\/\/www.audace44.fr\/commande\/wp-json\/wp\/v2\/product_tag?post=6868"}],"curies":[{"name":"wp","href":"https:\/\/api.w.org\/{rel}","templated":true}]}}